{"id":243,"date":"2024-09-07T01:58:31","date_gmt":"2024-09-07T01:58:31","guid":{"rendered":"https:\/\/www.xyhautoparts.com\/?page_id=243"},"modified":"2025-06-14T02:56:10","modified_gmt":"2025-06-14T02:56:10","slug":"about-us","status":"publish","type":"page","link":"https:\/\/www.xyhautoparts.com\/fr\/a-propos-de-nous\/","title":{"rendered":""},"content":{"rendered":"<div class=\"path_bar\">\n        <div class=\"layout\" style=\"margin-bottom:30px\">\n            <ul>\n                <li><a href=\"\/\">Accueil<\/a><\/li>\n                <li><a href=\"\">A propos de nous<\/a><\/li>\n            <\/ul>\n        <\/div>\n    <\/div>\n\n\n\n<h1 class=\"wp-block-heading has-text-align-center\" style=\"font-size:28px\">DES DISTRIBUTEURS FIABLES DE PI\u00c8CES D\u00c9TACH\u00c9ES POUR CAMIONS<\/h1>\n\n\n\n<div class=\"index_company_intr ab-com\">\n      <div class=\"layout\">\n        <div class=\"index_bd\">\n          <div class=\"company_intr_cont wow fadeInLeftA\" style=\"visibility: visible; animation-name: fadeInLeftA;\">\n           \n               <div class=\"tt-ab\">\n            <h2 class=\"cell_title\" style=\"color:#000\"><a href=\"\/products\">Accessoires pour camions<\/a><\/span><span class=\"s2\"> Exportations<\/span><\/h2>\n           \n          <\/div>  \n              <strong>Fujian Quanzhou Xinyuhuang Trading Co, Ltd.<\/strong>\n              <div class=\"cell_desc text-p\" >\n                <p class=\"p1\">La soci\u00e9t\u00e9 Fujian Quanzhou Xinyuhuang Trading Co. propose depuis plusieurs ann\u00e9es des services de conseil et d'assistance aux entreprises. <a href=\"\/products\"><span class=\"s1\">pi\u00e8ces d\u00e9tach\u00e9es pour camions<\/span><\/a> Depuis 2008, l'entreprise propose des services de vente aux propri\u00e9taires de voitures, tant au niveau national qu'international. Gr\u00e2ce \u00e0 un apprentissage et \u00e0 une exploration continus, le fondateur a conduit l'\u00e9quipe de vente et d'approvisionnement \u00e0 obtenir d'excellents r\u00e9sultats. Au fil des ans, nous avons gagn\u00e9 la confiance et le soutien des clients de l'industrie.<\/p>\n<p class=\"p1\">Tous nos produits sont fabriqu\u00e9s selon des normes strictes de contr\u00f4le de la qualit\u00e9 et ont obtenu des certifications internationales telles que ISO, DOT, SAE et ECE afin de garantir leur compatibilit\u00e9 et leur durabilit\u00e9 sur le march\u00e9 mondial. Que vous soyez un fabricant d'\u00e9quipement d'origine (OEM), un grossiste ou un d\u00e9taillant, vous pouvez b\u00e9n\u00e9ficier d'une livraison rapide et de solutions personnalis\u00e9es.<\/p><\/div>\n             \n             \n            \n          <\/div>\n          <div class=\"company_intr_img wow fadeInUpA\" style=\"visibility: visible; animation-name: fadeInUpA;\">\n          <div class=\"company_intr_img_slide swiper-container-fade swiper-container-horizontal\">\n          <ul class=\"swiper-wrapper\" style=\"transition-duration: 0ms;\">\n\n            <li class=\"swiper-slide swiper-slide-prev swiper-slide-duplicate-next\" data-swiper-slide-index=\"0\" style=\"width: 540px; opacity: 1; transform: translate3d(-540px, 0px, 0px); transition-duration: 0ms;\"><a href=\"\"><img decoding=\"async\" src=\"\/wp-content\/themes\/WMJ\/template\/img\/bg.webp\" alt=\"pi\u00e8ces d\u00e9tach\u00e9es pour camions\"><\/a><\/li>\n            <li class=\"swiper-slide swiper-slide-active\" data-swiper-slide-index=\"1\" style=\"width: 540px; opacity: 1; transform: translate3d(-1080px, 0px, 0px); transition-duration: 0ms;\"><a href=\"\"><img decoding=\"async\" src=\"\/wp-content\/themes\/WMJ\/template\/img\/bg2.webp\" alt=\"pi\u00e8ces d\u00e9tach\u00e9es pour camions\"><\/a><\/li>\n            <li class=\"swiper-slide swiper-slide-duplicate swiper-slide-next swiper-slide-duplicate-prev\" data-swiper-slide-index=\"0\" style=\"width: 540px; opacity: 0; transform: translate3d(-1620px, 0px, 0px); transition-duration: 0ms;\"><a href=\"\"><img decoding=\"async\" src=\"\/wp-content\/themes\/WMJ\/template\/img\/bg.webp\" alt=\"pi\u00e8ces d\u00e9tach\u00e9es pour camions\"><\/a><\/li>\n\n<\/ul>\n            <\/div>\n          <\/div>\n        <\/div>\n      <\/div>\n    <\/div>\n\n\n\n<div class=\"index_business ab-app\">\n      <div class=\"layout\">\n <div class=\"index_business_img wow fadeInUpA ab-left-img\" style=\"visibility: visible; animation-name: fadeInUpA;float:left!important\"><a hreqaf=\"\"><img decoding=\"async\" src=\"\/wp-content\/themes\/WMJ\/template\/img\/rr.webp\" alt=\"pi\u00e8ces d\u00e9tach\u00e9es pour camions\"><\/a><\/div>\n        <div class=\"index_business_cont\">\n          <div class=\"sys_text_cell wow fadeInLeftA\" style=\"visibility: visible; animation-name: fadeInLeftA;\">\n            <p class=\"cell_desc text-p\"><p class=\"p1\"><strong>Voir plus de produits :<\/strong><\/p>\n<p class=\"p1\"><span class=\"s1\"><a href=\"\/hino-category\/\">Catalogue de pi\u00e8ces d\u00e9tach\u00e9es pour camions Hino<\/a><\/span><\/p>\n<p class=\"p1\"><span class=\"s1\"><a href=\"\/volvo-category\/\">Catalogue de pi\u00e8ces d\u00e9tach\u00e9es pour camions Volvo<\/a><\/span><\/p>\n<p class=\"p1\"><span class=\"s1\"><a href=\"\/isuzu-category\/\">Catalogue de pi\u00e8ces d\u00e9tach\u00e9es pour camions Isuzu<\/a><\/span><\/p>\n<p class=\"p1\"><span class=\"s1\"><a href=\"\/nissan-category\/\">Catalogue de pi\u00e8ces d\u00e9tach\u00e9es pour camions Nissan<\/a><\/span><\/p>\n<p class=\"p1\"><span class=\"s1\"><a href=\"\/benz-category\/\">Catalogue de pi\u00e8ces d\u00e9tach\u00e9es pour camions Mercedes-Benz<\/a><\/span><\/p><\/p>\n          \n          <\/div>\n        <\/div>\n       \n      <\/div>\n    <\/div>\n\n\n\n<div class=\"company_subscribe wow fadeInUpA ab-com ab-w\" style=\"visibility: visible; animation-name: fadeInUpA;\">\n      <div class=\"layout\">\n          <div class=\"tt-ab\">\n            <h2 class=\"cell_title\" style=\"color:#fff\">Pourquoi nous choisir ?<\/h2>\n           <p class=\"p1\" style=\"color:#fff;margin-bottom:20px\">Les camions sont polyvalents et sont id\u00e9aux pour transporter des marchandises et des personnes. Pour que ces v\u00e9hicules fonctionnent correctement et dans le but pour lequel ils ont \u00e9t\u00e9 con\u00e7us, ils doivent \u00eatre r\u00e9guli\u00e8rement entretenus avec des pi\u00e8ces de camion de haute qualit\u00e9 pour maximiser leur durabilit\u00e9, et Xinyuhuang est pr\u00eat \u00e0 vous fournir tout ce dont vous avez besoin pour construire votre camion.<\/p>\n          <\/div>  \n          \n      <ul class=\"promote_list advantageList\">\n          <li class=\"promote_item wow fadeInRightA\" style=\"visibility: visible; animation-name: fadeInRightA;\">\n            <div class=\"item_inner\">\n              <div class=\"item_img\"><img decoding=\"async\" width=\"200px\" src=\"https:\/\/www.xyhautoparts.com\/wp-content\/themes\/WMJ\/template\/img\/high-quality.png\" alt=\"\"><\/div>\n              \n              <p>Nous disposons d'un syst\u00e8me strict de gestion de la qualit\u00e9 pour garantir que chaque produit r\u00e9pond aux exigences des clients.<\/p>\n              \n            <\/div>\n          <\/li>\n          <li class=\"promote_item wow fadeInRightA\" style=\"visibility: visible; animation-name: fadeInRightA;\">\n            <div class=\"item_inner\">\n              <div class=\"item_img\"><img decoding=\"async\" src=\"https:\/\/www.xyhautoparts.com\/wp-content\/themes\/WMJ\/template\/img\/Equipment.png\" alt=\"\"><\/div>\n              <p>Nous disposons de notre propre \u00e9quipement et d'une forte capacit\u00e9 de production. Des canaux de haute qualit\u00e9, les prix les plus favorables.<\/p>\n            <\/div>\n          <\/li>\n        \n          <li class=\"promote_item wow fadeInUpA\" data-wow-delay=\".1s\" style=\"visibility: visible; animation-delay: 0.1s; animation-name: fadeInUpA;\">\n\n            <div class=\"item_inner\">\n                <div class=\"item_img\"><img decoding=\"async\" src=\"https:\/\/www.xyhautoparts.com\/wp-content\/themes\/WMJ\/template\/img\/time (3).png\" alt=\"\"><\/div>\n                 <p>Des d\u00e9lais de production flexibles pour r\u00e9pondre \u00e0 vos commandes urgentes<\/p>\n            <\/div>\n          <\/li>\n          <li class=\"promote_item wow fadeInLeftA\" style=\"visibility: visible; animation-name: fadeInLeftA;\">\n            <div class=\"item_inner\">\n              <div class=\"item_img\"><img decoding=\"async\" src=\"https:\/\/www.xyhautoparts.com\/wp-content\/themes\/WMJ\/template\/img\/service_fill.png\" alt=\"\"><\/div>\n               <p>Une \u00e9quipe de professionnels du commerce ext\u00e9rieur est disponible 24 heures sur 24 pour assurer le suivi des clients et r\u00e9pondre \u00e0 leurs questions.<\/p>\n            <\/div>            \n          <\/li>\n        <\/ul>\n      \n            <div class=\"cell_more\">\n              <a href=\"https:\/\/www.xyhautoparts.com\/contact-us\/\" class=\"button sys_btn\">DEMANDE DE RENSEIGNEMENTS<\/a>\n            <\/div>\n      <\/div>\n    <\/div>\n\n\n\n<div class=\"index_promote ab-com\">\n      <div class=\"layout\">\n<div class=\"tt-ab\">\n            <h2 class=\"cell_title\" style=\"color:#000; text-align:center\"> Pi\u00e8ces d\u00e9tach\u00e9es pour camions Produits <\/h2>\n           <p class=\"p1\">Nous proposons une gamme compl\u00e8te de <b>pi\u00e8ces d\u00e9tach\u00e9es pour camions<\/b> et <b>accessoires pour camions<\/b> pour toutes les marques, chaque pi\u00e8ce est fabriqu\u00e9e pour satisfaire ou d\u00e9passer les normes de l'\u00e9quipement d'origine afin d'assurer un ajustement parfait et une longue dur\u00e9e de vie.<\/p>\n<p class=\"p1\"><span class=\"s1\"><a href=\"\/contact-us\">Contactez nous<\/a><\/span> pour obtenir <b>catalogue de pi\u00e8ces d\u00e9tach\u00e9es chevy truck.<\/b><b><\/b><\/p>\n          <\/div>  \n        <ul class=\"promote_list ab-prolist\" style=\"margin-bottom:20px\">\n          <li class=\"promote_item wow fadeInRightA\" style=\"visibility: visible; animation-name: fadeInRightA;\">\n            <div class=\"item_inner\">\n <a href=\"\/mercedes-benz-truck-engine-parts-oil-water-separation-system-oil-water-separator-assembly-oil-separator-product\/\">\n              <div class=\"item_img\">\n\n             <img decoding=\"async\" src=\"\/wp-content\/themes\/WMJ\/template\/img\/oil-separator.webp\" alt=\"Mercedes-Benz Truck Engine Parts Oil-Water Separation System Oil-Water Separator Assembly Oil-Water Separator\">\n              \n              <\/div>\n           <h3>Mercedes-Benz Truck Engine Parts Oil-Water Separation System Oil-Water Separator Assembly Oil-Water Separator<\/h3>\n<\/a>\n            <\/div>\n          <\/li>\n          <li class=\"promote_item wow fadeInRightA\" style=\"visibility: visible; animation-name: fadeInRightA;\">\n            <div class=\"item_inner\">\n <a href=\"\/hino-truck-parts-brake-system-brake-assembly-brake-wheel-cylinder-auxiliary-expander-product\/\">\n              <div class=\"item_img\">\n\n             <img decoding=\"async\" src=\"\/wp-content\/themes\/WMJ\/template\/img\/expander.webp\" alt=\"Hino Truck Parts Brake System Brake Assembly Brake Wheel Cylinder Auxiliary Expander\">\n              \n              <\/div>\n           <h3>Hino Truck Parts Brake System Brake Assembly Brake Wheel Cylinder Auxiliary Expander<\/h3>\n<\/a>\n            <\/div>\n          <\/li>\n<li class=\"promote_item wow fadeInRightA\" style=\"visibility: visible; animation-name: fadeInRightA;\">\n            <div class=\"item_inner\">\n <a href=\"\/isuzu-auto-parts-brake-system-brake-master-cylinder-product\/\">\n              <div class=\"item_img\">\n\n             <img decoding=\"async\" src=\"\/wp-content\/themes\/WMJ\/template\/img\/brake-master-cylinder.webp\" alt=\"Isuzu Auto Parts Brake System Brake Master Cylinder\">\n              \n              <\/div>\n           <h3>Isuzu Auto Parts Brake System Brake Master Cylinder<\/h3>\n<\/a>\n            <\/div>\n          <\/li>\n<li class=\"promote_item wow fadeInRightA\" style=\"visibility: visible; animation-name: fadeInRightA;\">\n            <div class=\"item_inner\">\n <a href=\"\/volvo-truck-engine-parts-oil-water-separation-system-oil-water-separator-assembly-oil-separator-product\/\">\n              <div class=\"item_img\">\n\n             <img decoding=\"async\" src=\"\/wp-content\/themes\/WMJ\/template\/img\/oil-separator-1.webp\" alt=\"Pi\u00e8ces de moteur de camion Volvo syst\u00e8me de s\u00e9paration huile-eau assemblage de s\u00e9parateur huile-eau s\u00e9parateur d&#039;huile\">\n              \n              <\/div>\n           <h3>Pi\u00e8ces de moteur de camion Volvo syst\u00e8me de s\u00e9paration huile-eau assemblage de s\u00e9parateur huile-eau s\u00e9parateur d'huile<\/h3>\n<\/a>\n            <\/div>\n          <\/li>\n        <\/ul>\n      <div class=\"cell_more\" style=\"text-align:center\">\n              <a href=\"\/products\/\" class=\"sys_btn\">VOIR PLUS<\/a>\n            <\/div>\n     \n      <\/div>\n    <\/div>\n\n\n\n<div class=\"index_business bt-ab\">\n      <div class=\"layout\" style=\"background: #e4c2c21c;padding: 30px 25px;margin-top: 55px;\">\n<div class=\"tt-ab\">\n            <h2 class=\"cell_title\" style=\"color:#000; text-align:center\">Processus de production<\/h2>\n           \n          <\/div>  \n        <div class=\"index_business_cont\">\n          <div class=\"sys_text_cell wow fadeInLeftA\" style=\"visibility: visible; animation-name: fadeInLeftA;\">\n            <p class=\"cell_desc text-p\">Tous les produits commencent par une conception soign\u00e9e et une s\u00e9lection rigoureuse des mat\u00e9riaux. L'\u00e9bauche de base est form\u00e9e \u00e0 l'aide d'une machine de coupe, d'estampage et de forgeage de haute pr\u00e9cision. Le traitement thermique et le traitement de surface sont ensuite effectu\u00e9s pour am\u00e9liorer les performances. Le processus d'assemblage est rigoureux et m\u00e9ticuleux afin de garantir que chaque composant est parfaitement adapt\u00e9. Enfin, un contr\u00f4le de qualit\u00e9 strict permet de s'assurer que les pi\u00e8ces sont robustes et durables, qu'elles r\u00e9pondent \u00e0 des normes \u00e9lev\u00e9es et qu'elles constituent un support solide pour les camions.<\/p>\n           \n          <\/div>\n        <\/div>\n        <div class=\"index_business_img wow fadeInUpA\" style=\"visibility: visible; animation-name: fadeInUpA;\"><a href=\"\"><img decoding=\"async\" src=\"\/wp-content\/themes\/WMJ\/template\/img\/vb.webp\" alt=\"\"><\/a><\/div>\n      <\/div>\n    <\/div>\n\n\n\n<style>\n\n.bt-ab{\nmargin-bottom:55px!important\n\n}\n.tt-ab h2{\nfont-size:26px;\n\n\n}\n@media screen and (min-width:981px){\n\n.tt-ab h2{\n\nmargin-bottom:45px\n\n}\n.ab-prolist li{\nwidth:25%!important}\n.ab-left-img{\npadding-right:20px\n}\n.text-p{\nline-height:1.8em\n}\n\n}\n@media screen and (max-width:981px){\n.ab-app{\nmargin-bottom:0px!important\n\n}\n.ab-com{\npadding-top:30px!important}\n\n.tt-ab h2{\nmargin-bottom:30px\n\n}\n.ab-w{\nmargin-bottom:0!important\n}\n\n}\n\n\n<\/style>","protected":false},"excerpt":{"rendered":"<p>Home About Us RELIABLE TRUCK PARTS DISTRIBUTORS FOR YOU Truck Accessories Exports Fujian Quanzhou Xinyuhuang Trading Co., Ltd. The Fujian Quanzhou Xinyuhuang Trading Co., Ltd. has been offering truck parts sales services to car owners both domestically and internationally since 2008. Through continuous learning and exploration, the founder led the sales and procurement team to [&hellip;]<\/p>","protected":false},"author":2,"featured_media":0,"parent":0,"menu_order":0,"comment_status":"closed","ping_status":"closed","template":"","meta":{"footnotes":""},"class_list":["post-243","page","type-page","status-publish","hentry"],"yoast_head":"<!-- This site is optimized with the Yoast SEO plugin v23.4 - https:\/\/yoast.com\/wordpress\/plugins\/seo\/ -->\n<title>China Auto parts supplier, truck parts supplier, one-stop auto parts shop<\/title>\n<meta name=\"description\" content=\"China Auto parts supplier, truck parts supplier, one-stop auto parts shop, providing high quality product with good price.\" \/>\n<meta name=\"robots\" content=\"index, follow, max-snippet:-1, max-image-preview:large, max-video-preview:-1\" \/>\n<link rel=\"canonical\" href=\"https:\/\/www.xyhautoparts.com\/fr\/a-propos-de-nous\/\" \/>\n<meta property=\"og:locale\" content=\"fr_CA\" \/>\n<meta property=\"og:type\" content=\"article\" \/>\n<meta property=\"og:title\" content=\"China Auto parts supplier, truck parts supplier, one-stop auto parts shop\" \/>\n<meta property=\"og:description\" content=\"China Auto parts supplier, truck parts supplier, one-stop auto parts shop, providing high quality product with good price.\" \/>\n<meta property=\"og:url\" content=\"https:\/\/www.xyhautoparts.com\/fr\/a-propos-de-nous\/\" \/>\n<meta property=\"og:site_name\" content=\"Fujian Quanzhou Xinyuhuang trading Co., LTD\" \/>\n<meta property=\"article:publisher\" content=\"https:\/\/www.facebook.com\/XinyuhuangAutoParts\" \/>\n<meta property=\"article:modified_time\" content=\"2025-06-14T02:56:10+00:00\" \/>\n<meta property=\"og:image\" content=\"https:\/\/www.xyhautoparts.com\/wp-content\/themes\/WMJ\/template\/img\/high-quality.png\" \/>\n<meta name=\"twitter:card\" content=\"summary_large_image\" \/>\n<meta name=\"twitter:label1\" content=\"Estimation du temps de lecture\" \/>\n\t<meta name=\"twitter:data1\" content=\"5 minutes\" \/>\n<script type=\"application\/ld+json\" class=\"yoast-schema-graph\">{\"@context\":\"https:\/\/schema.org\",\"@graph\":[{\"@type\":\"WebPage\",\"@id\":\"https:\/\/www.xyhautoparts.com\/about-us\/\",\"url\":\"https:\/\/www.xyhautoparts.com\/about-us\/\",\"name\":\"China Auto parts supplier, truck parts supplier, one-stop auto parts shop\",\"isPartOf\":{\"@id\":\"https:\/\/www.xyhautoparts.com\/#website\"},\"primaryImageOfPage\":{\"@id\":\"https:\/\/www.xyhautoparts.com\/about-us\/#primaryimage\"},\"image\":{\"@id\":\"https:\/\/www.xyhautoparts.com\/about-us\/#primaryimage\"},\"thumbnailUrl\":\"https:\/\/www.xyhautoparts.com\/wp-content\/themes\/WMJ\/template\/img\/high-quality.png\",\"datePublished\":\"2024-09-07T01:58:31+00:00\",\"dateModified\":\"2025-06-14T02:56:10+00:00\",\"description\":\"China Auto parts supplier, truck parts supplier, one-stop auto parts shop, providing high quality product with good price.\",\"inLanguage\":\"fr-CA\",\"potentialAction\":[{\"@type\":\"ReadAction\",\"target\":[\"https:\/\/www.xyhautoparts.com\/about-us\/\"]}]},{\"@type\":\"ImageObject\",\"inLanguage\":\"fr-CA\",\"@id\":\"https:\/\/www.xyhautoparts.com\/about-us\/#primaryimage\",\"url\":\"https:\/\/www.xyhautoparts.com\/wp-content\/themes\/WMJ\/template\/img\/high-quality.png\",\"contentUrl\":\"https:\/\/www.xyhautoparts.com\/wp-content\/themes\/WMJ\/template\/img\/high-quality.png\"},{\"@type\":\"WebSite\",\"@id\":\"https:\/\/www.xyhautoparts.com\/#website\",\"url\":\"https:\/\/www.xyhautoparts.com\/\",\"name\":\"Fujian Quanzhou Xinyuhuang trading Co., LTD\",\"description\":\"Fujian Quanzhou Xinyuhuang trading Co., LTD\",\"publisher\":{\"@id\":\"https:\/\/www.xyhautoparts.com\/#organization\"},\"potentialAction\":[{\"@type\":\"SearchAction\",\"target\":{\"@type\":\"EntryPoint\",\"urlTemplate\":\"https:\/\/www.xyhautoparts.com\/?s={search_term_string}\"},\"query-input\":{\"@type\":\"PropertyValueSpecification\",\"valueRequired\":true,\"valueName\":\"search_term_string\"}}],\"inLanguage\":\"fr-CA\"},{\"@type\":\"Organization\",\"@id\":\"https:\/\/www.xyhautoparts.com\/#organization\",\"name\":\"Fujian Quanzhou Xinyuhuang trading Co., LTD\",\"url\":\"https:\/\/www.xyhautoparts.com\/\",\"logo\":{\"@type\":\"ImageObject\",\"inLanguage\":\"fr-CA\",\"@id\":\"https:\/\/www.xyhautoparts.com\/#\/schema\/logo\/image\/\",\"url\":\"https:\/\/www.xyhautoparts.com\/wp-content\/uploads\/2024\/10\/cropped-cropped-cropped-logo-1.webp\",\"contentUrl\":\"https:\/\/www.xyhautoparts.com\/wp-content\/uploads\/2024\/10\/cropped-cropped-cropped-logo-1.webp\",\"width\":300,\"height\":300,\"caption\":\"Fujian Quanzhou Xinyuhuang trading Co., LTD\"},\"image\":{\"@id\":\"https:\/\/www.xyhautoparts.com\/#\/schema\/logo\/image\/\"},\"sameAs\":[\"https:\/\/www.facebook.com\/XinyuhuangAutoParts\",\"https:\/\/www.instagram.com\/xinyuhuangautoparts\/\",\"https:\/\/www.youtube.com\/@XinyuhuangAutoParts\"]}]}<\/script>\n<!-- \/ Yoast SEO plugin. -->","yoast_head_json":{"title":"China Auto parts supplier, truck parts supplier, one-stop auto parts shop","description":"China Auto parts supplier, truck parts supplier, one-stop auto parts shop, providing high quality product with good price.","robots":{"index":"index","follow":"follow","max-snippet":"max-snippet:-1","max-image-preview":"max-image-preview:large","max-video-preview":"max-video-preview:-1"},"canonical":"https:\/\/www.xyhautoparts.com\/fr\/a-propos-de-nous\/","og_locale":"fr_CA","og_type":"article","og_title":"China Auto parts supplier, truck parts supplier, one-stop auto parts shop","og_description":"China Auto parts supplier, truck parts supplier, one-stop auto parts shop, providing high quality product with good price.","og_url":"https:\/\/www.xyhautoparts.com\/fr\/a-propos-de-nous\/","og_site_name":"Fujian Quanzhou Xinyuhuang trading Co., LTD","article_publisher":"https:\/\/www.facebook.com\/XinyuhuangAutoParts","article_modified_time":"2025-06-14T02:56:10+00:00","og_image":[{"url":"https:\/\/www.xyhautoparts.com\/wp-content\/themes\/WMJ\/template\/img\/high-quality.png"}],"twitter_card":"summary_large_image","twitter_misc":{"Estimation du temps de lecture":"5 minutes"},"schema":{"@context":"https:\/\/schema.org","@graph":[{"@type":"WebPage","@id":"https:\/\/www.xyhautoparts.com\/about-us\/","url":"https:\/\/www.xyhautoparts.com\/about-us\/","name":"China Auto parts supplier, truck parts supplier, one-stop auto parts shop","isPartOf":{"@id":"https:\/\/www.xyhautoparts.com\/#website"},"primaryImageOfPage":{"@id":"https:\/\/www.xyhautoparts.com\/about-us\/#primaryimage"},"image":{"@id":"https:\/\/www.xyhautoparts.com\/about-us\/#primaryimage"},"thumbnailUrl":"https:\/\/www.xyhautoparts.com\/wp-content\/themes\/WMJ\/template\/img\/high-quality.png","datePublished":"2024-09-07T01:58:31+00:00","dateModified":"2025-06-14T02:56:10+00:00","description":"China Auto parts supplier, truck parts supplier, one-stop auto parts shop, providing high quality product with good price.","inLanguage":"fr-CA","potentialAction":[{"@type":"ReadAction","target":["https:\/\/www.xyhautoparts.com\/about-us\/"]}]},{"@type":"ImageObject","inLanguage":"fr-CA","@id":"https:\/\/www.xyhautoparts.com\/about-us\/#primaryimage","url":"https:\/\/www.xyhautoparts.com\/wp-content\/themes\/WMJ\/template\/img\/high-quality.png","contentUrl":"https:\/\/www.xyhautoparts.com\/wp-content\/themes\/WMJ\/template\/img\/high-quality.png"},{"@type":"WebSite","@id":"https:\/\/www.xyhautoparts.com\/#website","url":"https:\/\/www.xyhautoparts.com\/","name":"Fujian Quanzhou Xinyuhuang trading Co., LTD","description":"Fujian Quanzhou Xinyuhuang trading Co., LTD","publisher":{"@id":"https:\/\/www.xyhautoparts.com\/#organization"},"potentialAction":[{"@type":"SearchAction","target":{"@type":"EntryPoint","urlTemplate":"https:\/\/www.xyhautoparts.com\/?s={search_term_string}"},"query-input":{"@type":"PropertyValueSpecification","valueRequired":true,"valueName":"search_term_string"}}],"inLanguage":"fr-CA"},{"@type":"Organization","@id":"https:\/\/www.xyhautoparts.com\/#organization","name":"Fujian Quanzhou Xinyuhuang trading Co., LTD","url":"https:\/\/www.xyhautoparts.com\/","logo":{"@type":"ImageObject","inLanguage":"fr-CA","@id":"https:\/\/www.xyhautoparts.com\/#\/schema\/logo\/image\/","url":"https:\/\/www.xyhautoparts.com\/wp-content\/uploads\/2024\/10\/cropped-cropped-cropped-logo-1.webp","contentUrl":"https:\/\/www.xyhautoparts.com\/wp-content\/uploads\/2024\/10\/cropped-cropped-cropped-logo-1.webp","width":300,"height":300,"caption":"Fujian Quanzhou Xinyuhuang trading Co., LTD"},"image":{"@id":"https:\/\/www.xyhautoparts.com\/#\/schema\/logo\/image\/"},"sameAs":["https:\/\/www.facebook.com\/XinyuhuangAutoParts","https:\/\/www.instagram.com\/xinyuhuangautoparts\/","https:\/\/www.youtube.com\/@XinyuhuangAutoParts"]}]}},"_links":{"self":[{"href":"https:\/\/www.xyhautoparts.com\/fr\/wp-json\/wp\/v2\/pages\/243"}],"collection":[{"href":"https:\/\/www.xyhautoparts.com\/fr\/wp-json\/wp\/v2\/pages"}],"about":[{"href":"https:\/\/www.xyhautoparts.com\/fr\/wp-json\/wp\/v2\/types\/page"}],"author":[{"embeddable":true,"href":"https:\/\/www.xyhautoparts.com\/fr\/wp-json\/wp\/v2\/users\/2"}],"replies":[{"embeddable":true,"href":"https:\/\/www.xyhautoparts.com\/fr\/wp-json\/wp\/v2\/comments?post=243"}],"version-history":[{"count":95,"href":"https:\/\/www.xyhautoparts.com\/fr\/wp-json\/wp\/v2\/pages\/243\/revisions"}],"predecessor-version":[{"id":1526,"href":"https:\/\/www.xyhautoparts.com\/fr\/wp-json\/wp\/v2\/pages\/243\/revisions\/1526"}],"wp:attachment":[{"href":"https:\/\/www.xyhautoparts.com\/fr\/wp-json\/wp\/v2\/media?parent=243"}],"curies":[{"name":"wp","href":"https:\/\/api.w.org\/{rel}","templated":true}]}}