{"id":243,"date":"2024-09-07T01:58:31","date_gmt":"2024-09-07T01:58:31","guid":{"rendered":"https:\/\/www.xyhautoparts.com\/?page_id=243"},"modified":"2025-06-14T02:56:10","modified_gmt":"2025-06-14T02:56:10","slug":"about-us","status":"publish","type":"page","link":"https:\/\/www.xyhautoparts.com\/fi\/meista\/","title":{"rendered":""},"content":{"rendered":"<div class=\"path_bar\">\n        <div class=\"layout\" style=\"margin-bottom:30px\">\n            <ul>\n                <li><a href=\"\/\">Etusivu<\/a><\/li>\n                <li><a href=\"\">Tietoa meist\u00e4<\/a><\/li>\n            <\/ul>\n        <\/div>\n    <\/div>\n\n\n\n<h1 class=\"wp-block-heading has-text-align-center\" style=\"font-size:28px\">RELIABLE TRUCK PARTS DISTRIBUTORS FOR YOU<\/h1>\n\n\n\n<div class=\"index_company_intr ab-com\">\n      <div class=\"layout\">\n        <div class=\"index_bd\">\n          <div class=\"company_intr_cont wow fadeInLeftA\" style=\"visibility: visible; animation-name: fadeInLeftA;\">\n           \n               <div class=\"tt-ab\">\n            <h2 class=\"cell_title\" style=\"color:#000\"><a href=\"\/products\">Truck Accessories<\/a><\/span><span class=\"s2\"> Exports<\/span><\/h2>\n           \n          <\/div>  \n              <strong>Fujian Quanzhou Xinyuhuang Trading Co., Ltd. (Fujian Quanzhou Xinyuhuang Trading Co., Ltd.)<\/strong>\n              <div class=\"cell_desc text-p\" >\n                <p class=\"p1\">Fujian Quanzhou Xinyuhuang Trading Co., Ltd. on tarjonnut seuraavat tuotteet <a href=\"\/products\"><span class=\"s1\">kuorma-auton osat<\/span><\/a> myyntipalveluja auton omistajille sek\u00e4 kotimaassa ett\u00e4 kansainv\u00e4lisesti vuodesta 2008 l\u00e4htien. Jatkuvan oppimisen ja tutkimisen kautta perustaja johti myynti- ja hankintatiimi\u00e4 saavuttamaan erinomaisia tuloksia. Olemme ansainneet alan asiakkaiden luottamuksen ja tuen vuosien varrella.<\/p>\n<p class=\"p1\">All our products are manufactured under strict quality control standards and have obtained international certifications such as ISO, DOT, SAE and ECE to ensure compatibility and durability in the global market. Whether you are an original equipment manufacturer (OEM), wholesaler or retailer, you can enjoy timely delivery and customized solutions.<\/p><\/div>\n             \n             \n            \n          <\/div>\n          <div class=\"company_intr_img wow fadeInUpA\" style=\"visibility: visible; animation-name: fadeInUpA;\">\n          <div class=\"company_intr_img_slide swiper-container-fade swiper-container-horizontal\">\n          <ul class=\"swiper-wrapper\" style=\"transition-duration: 0ms;\">\n\n            <li class=\"swiper-slide swiper-slide-prev swiper-slide-duplicate-next\" data-swiper-slide-index=\"0\" style=\"width: 540px; opacity: 1; transform: translate3d(-540px, 0px, 0px); transition-duration: 0ms;\"><a href=\"\"><img decoding=\"async\" src=\"\/wp-content\/themes\/WMJ\/template\/img\/bg.webp\" alt=\"kuorma-auton osat\"><\/a><\/li>\n            <li class=\"swiper-slide swiper-slide-active\" data-swiper-slide-index=\"1\" style=\"width: 540px; opacity: 1; transform: translate3d(-1080px, 0px, 0px); transition-duration: 0ms;\"><a href=\"\"><img decoding=\"async\" src=\"\/wp-content\/themes\/WMJ\/template\/img\/bg2.webp\" alt=\"kuorma-auton osat\"><\/a><\/li>\n            <li class=\"swiper-slide swiper-slide-duplicate swiper-slide-next swiper-slide-duplicate-prev\" data-swiper-slide-index=\"0\" style=\"width: 540px; opacity: 0; transform: translate3d(-1620px, 0px, 0px); transition-duration: 0ms;\"><a href=\"\"><img decoding=\"async\" src=\"\/wp-content\/themes\/WMJ\/template\/img\/bg.webp\" alt=\"kuorma-auton osat\"><\/a><\/li>\n\n<\/ul>\n            <\/div>\n          <\/div>\n        <\/div>\n      <\/div>\n    <\/div>\n\n\n\n<div class=\"index_business ab-app\">\n      <div class=\"layout\">\n <div class=\"index_business_img wow fadeInUpA ab-left-img\" style=\"visibility: visible; animation-name: fadeInUpA;float:left!important\"><a hreqaf=\"\"><img decoding=\"async\" src=\"\/wp-content\/themes\/WMJ\/template\/img\/rr.webp\" alt=\"kuorma-auton osat\"><\/a><\/div>\n        <div class=\"index_business_cont\">\n          <div class=\"sys_text_cell wow fadeInLeftA\" style=\"visibility: visible; animation-name: fadeInLeftA;\">\n            <p class=\"cell_desc text-p\"><p class=\"p1\"><strong>See more products:<\/strong><\/p>\n<p class=\"p1\"><span class=\"s1\"><a href=\"\/hino-category\/\">Hino kuorma-auton varaosaluettelo<\/a><\/span><\/p>\n<p class=\"p1\"><span class=\"s1\"><a href=\"\/volvo-category\/\">Volvo truck parts catalog<\/a><\/span><\/p>\n<p class=\"p1\"><span class=\"s1\"><a href=\"\/isuzu-category\/\">Isuzu truck parts catalog<\/a><\/span><\/p>\n<p class=\"p1\"><span class=\"s1\"><a href=\"\/nissan-category\/\">Nissan truck parts catalog<\/a><\/span><\/p>\n<p class=\"p1\"><span class=\"s1\"><a href=\"\/benz-category\/\">Mercedes benz truck parts catalog<\/a><\/span><\/p><\/p>\n          \n          <\/div>\n        <\/div>\n       \n      <\/div>\n    <\/div>\n\n\n\n<div class=\"company_subscribe wow fadeInUpA ab-com ab-w\" style=\"visibility: visible; animation-name: fadeInUpA;\">\n      <div class=\"layout\">\n          <div class=\"tt-ab\">\n            <h2 class=\"cell_title\" style=\"color:#fff\">Miksi valita meid\u00e4t<\/h2>\n           <p class=\"p1\" style=\"color:#fff;margin-bottom:20px\">Trucks are versatile and are ideal for hauling cargo and people. To keep these vehicles functioning properly and for the purpose they were designed for, they need to be regularly maintained with high-quality truck parts to maximize their durability, and Xinyuhuang is ready to provide you with everything you need to build your truck.<\/p>\n          <\/div>  \n          \n      <ul class=\"promote_list advantageList\">\n          <li class=\"promote_item wow fadeInRightA\" style=\"visibility: visible; animation-name: fadeInRightA;\">\n            <div class=\"item_inner\">\n              <div class=\"item_img\"><img decoding=\"async\" width=\"200px\" src=\"https:\/\/www.xyhautoparts.com\/wp-content\/themes\/WMJ\/template\/img\/high-quality.png\" alt=\"\"><\/div>\n              \n              <p>Meill\u00e4 on tiukka laadunhallintaj\u00e4rjestelm\u00e4, jolla varmistetaan, ett\u00e4 jokainen tuote voi t\u00e4ytt\u00e4\u00e4 asiakkaiden vaatimukset.<\/p>\n              \n            <\/div>\n          <\/li>\n          <li class=\"promote_item wow fadeInRightA\" style=\"visibility: visible; animation-name: fadeInRightA;\">\n            <div class=\"item_inner\">\n              <div class=\"item_img\"><img decoding=\"async\" src=\"https:\/\/www.xyhautoparts.com\/wp-content\/themes\/WMJ\/template\/img\/Equipment.png\" alt=\"\"><\/div>\n              <p>Meill\u00e4 on omat laitteet ja vahva tuotantokapasiteetti laadukkaita kanavia, edullisimmat hinnat<\/p>\n            <\/div>\n          <\/li>\n        \n          <li class=\"promote_item wow fadeInUpA\" data-wow-delay=\".1s\" style=\"visibility: visible; animation-delay: 0.1s; animation-name: fadeInUpA;\">\n\n            <div class=\"item_inner\">\n                <div class=\"item_img\"><img decoding=\"async\" src=\"https:\/\/www.xyhautoparts.com\/wp-content\/themes\/WMJ\/template\/img\/time (3).png\" alt=\"\"><\/div>\n                 <p>Joustava tuotantoaika auttaa kiireellisiss\u00e4 tilauksissa<\/p>\n            <\/div>\n          <\/li>\n          <li class=\"promote_item wow fadeInLeftA\" style=\"visibility: visible; animation-name: fadeInLeftA;\">\n            <div class=\"item_inner\">\n              <div class=\"item_img\"><img decoding=\"async\" src=\"https:\/\/www.xyhautoparts.com\/wp-content\/themes\/WMJ\/template\/img\/service_fill.png\" alt=\"\"><\/div>\n               <p>Ammattimainen ulkomaankaupan palvelutiimi 24 tuntia asiakkaan seurantaan ja kysymyksiin vastaamiseen<\/p>\n            <\/div>            \n          <\/li>\n        <\/ul>\n      \n            <div class=\"cell_more\">\n              <a href=\"https:\/\/www.xyhautoparts.com\/contact-us\/\" class=\"button sys_btn\">KYSY NYT<\/a>\n            <\/div>\n      <\/div>\n    <\/div>\n\n\n\n<div class=\"index_promote ab-com\">\n      <div class=\"layout\">\n<div class=\"tt-ab\">\n            <h2 class=\"cell_title\" style=\"color:#000; text-align:center\"> Kuorma-auton osat Tuotteet <\/h2>\n           <p class=\"p1\">Tarjoamme t\u00e4yden valikoiman <b>kuorma-auton osat<\/b> ja <b>kuorma-auton lis\u00e4varusteet<\/b> Kaikkien merkkien osalta jokainen osa valmistetaan t\u00e4ytt\u00e4m\u00e4\u00e4n tai ylitt\u00e4m\u00e4\u00e4n alkuper\u00e4iset laitestandardit, jotta varmistetaan t\u00e4ydellinen istuvuus ja pitk\u00e4 k\u00e4ytt\u00f6ik\u00e4.<\/p>\n<p class=\"p1\"><span class=\"s1\"><a href=\"\/contact-us\">Ota yhteytt\u00e4<\/a><\/span> saada <b>chevy truck parts catalog.<\/b><b><\/b><\/p>\n          <\/div>  \n        <ul class=\"promote_list ab-prolist\" style=\"margin-bottom:20px\">\n          <li class=\"promote_item wow fadeInRightA\" style=\"visibility: visible; animation-name: fadeInRightA;\">\n            <div class=\"item_inner\">\n <a href=\"\/mercedes-benz-truck-engine-parts-oil-water-separation-system-oil-water-separator-assembly-oil-separator-product\/\">\n              <div class=\"item_img\">\n\n             <img decoding=\"async\" src=\"\/wp-content\/themes\/WMJ\/template\/img\/oil-separator.webp\" alt=\"Mercedes-Benz kuorma-auton moottorin osat \u00d6ljyn ja veden erotteluj\u00e4rjestelm\u00e4 \u00d6ljyn ja veden erottimen kokoonpano \u00d6ljynerotin\">\n              \n              <\/div>\n           <h3>Mercedes-Benz kuorma-auton moottorin osat \u00d6ljyn ja veden erotteluj\u00e4rjestelm\u00e4 \u00d6ljyn ja veden erottimen kokoonpano \u00d6ljynerotin<\/h3>\n<\/a>\n            <\/div>\n          <\/li>\n          <li class=\"promote_item wow fadeInRightA\" style=\"visibility: visible; animation-name: fadeInRightA;\">\n            <div class=\"item_inner\">\n <a href=\"\/hino-truck-parts-brake-system-brake-assembly-brake-wheel-cylinder-auxiliary-expander-product\/\">\n              <div class=\"item_img\">\n\n             <img decoding=\"async\" src=\"\/wp-content\/themes\/WMJ\/template\/img\/expander.webp\" alt=\"Hino Truck Parts Jarruj\u00e4rjestelm\u00e4 Jarrukokoonpano Jarrupy\u00f6r\u00e4n sylinteri Auxiliary Expander Jarrupy\u00f6r\u00e4n sylinteri Auxiliary Expander\">\n              \n              <\/div>\n           <h3>Hino Truck Parts Jarruj\u00e4rjestelm\u00e4 Jarrukokoonpano Jarrupy\u00f6r\u00e4n sylinteri Auxiliary Expander Jarrupy\u00f6r\u00e4n sylinteri Auxiliary Expander<\/h3>\n<\/a>\n            <\/div>\n          <\/li>\n<li class=\"promote_item wow fadeInRightA\" style=\"visibility: visible; animation-name: fadeInRightA;\">\n            <div class=\"item_inner\">\n <a href=\"\/isuzu-auto-parts-brake-system-brake-master-cylinder-product\/\">\n              <div class=\"item_img\">\n\n             <img decoding=\"async\" src=\"\/wp-content\/themes\/WMJ\/template\/img\/brake-master-cylinder.webp\" alt=\"Isuzu Autonosat Jarruj\u00e4rjestelm\u00e4 Jarrun p\u00e4\u00e4sylinteri Jarrun p\u00e4\u00e4sylinteri\">\n              \n              <\/div>\n           <h3>Isuzu Autonosat Jarruj\u00e4rjestelm\u00e4 Jarrun p\u00e4\u00e4sylinteri Jarrun p\u00e4\u00e4sylinteri<\/h3>\n<\/a>\n            <\/div>\n          <\/li>\n<li class=\"promote_item wow fadeInRightA\" style=\"visibility: visible; animation-name: fadeInRightA;\">\n            <div class=\"item_inner\">\n <a href=\"\/volvo-truck-engine-parts-oil-water-separation-system-oil-water-separator-assembly-oil-separator-product\/\">\n              <div class=\"item_img\">\n\n             <img decoding=\"async\" src=\"\/wp-content\/themes\/WMJ\/template\/img\/oil-separator-1.webp\" alt=\"Volvo kuorma-auton moottorin osat \u00f6ljyn ja veden erotusj\u00e4rjestelm\u00e4 \u00f6ljyn ja veden erotuslaitteen kokoonpano \u00f6ljynerotin\">\n              \n              <\/div>\n           <h3>Volvo kuorma-auton moottorin osat \u00f6ljyn ja veden erotusj\u00e4rjestelm\u00e4 \u00f6ljyn ja veden erotuslaitteen kokoonpano \u00f6ljynerotin<\/h3>\n<\/a>\n            <\/div>\n          <\/li>\n        <\/ul>\n      <div class=\"cell_more\" style=\"text-align:center\">\n              <a href=\"\/products\/\" class=\"sys_btn\">N\u00c4E LIS\u00c4\u00c4<\/a>\n            <\/div>\n     \n      <\/div>\n    <\/div>\n\n\n\n<div class=\"index_business bt-ab\">\n      <div class=\"layout\" style=\"background: #e4c2c21c;padding: 30px 25px;margin-top: 55px;\">\n<div class=\"tt-ab\">\n            <h2 class=\"cell_title\" style=\"color:#000; text-align:center\">Tuotantoprosessi<\/h2>\n           \n          <\/div>  \n        <div class=\"index_business_cont\">\n          <div class=\"sys_text_cell wow fadeInLeftA\" style=\"visibility: visible; animation-name: fadeInLeftA;\">\n            <p class=\"cell_desc text-p\">Kaikki tuotteet alkavat hienosta suunnittelusta ja materiaalivalinnasta. Perusaihio muodostetaan korkean tarkkuuden koneellisella leikkauksella, leimaamalla ja takomalla. T\u00e4m\u00e4n j\u00e4lkeen suoritetaan l\u00e4mp\u00f6k\u00e4sittely ja pintak\u00e4sittely suorituskyvyn parantamiseksi. Kokoonpanoprosessi on tiukka ja huolellinen sen varmistamiseksi, ett\u00e4 jokainen komponentti on t\u00e4sm\u00e4llisesti sovitettu yhteen. Lopuksi varmistetaan tiukalla laadunvalvonnalla, ett\u00e4 osat ovat tukevia ja kest\u00e4vi\u00e4, t\u00e4ytt\u00e4v\u00e4t korkeat standardit ja tarjoavat vankan tuen kuorma-autoille.<\/p>\n           \n          <\/div>\n        <\/div>\n        <div class=\"index_business_img wow fadeInUpA\" style=\"visibility: visible; animation-name: fadeInUpA;\"><a href=\"\"><img decoding=\"async\" src=\"\/wp-content\/themes\/WMJ\/template\/img\/vb.webp\" alt=\"\"><\/a><\/div>\n      <\/div>\n    <\/div>\n\n\n\n<style>\n\n.bt-ab{\nmargin-bottom:55px!important\n\n}\n.tt-ab h2{\nfont-size:26px;\n\n\n}\n@media screen and (min-width:981px){\n\n.tt-ab h2{\n\nmargin-bottom:45px\n\n}\n.ab-prolist li{\nwidth:25%!important}\n.ab-left-img{\npadding-right:20px\n}\n.text-p{\nline-height:1.8em\n}\n\n}\n@media screen and (max-width:981px){\n.ab-app{\nmargin-bottom:0px!important\n\n}\n.ab-com{\npadding-top:30px!important}\n\n.tt-ab h2{\nmargin-bottom:30px\n\n}\n.ab-w{\nmargin-bottom:0!important\n}\n\n}\n\n\n<\/style>","protected":false},"excerpt":{"rendered":"<p>Home About Us RELIABLE TRUCK PARTS DISTRIBUTORS FOR YOU Truck Accessories Exports Fujian Quanzhou Xinyuhuang Trading Co., Ltd. The Fujian Quanzhou Xinyuhuang Trading Co., Ltd. has been offering truck parts sales services to car owners both domestically and internationally since 2008. Through continuous learning and exploration, the founder led the sales and procurement team to [&hellip;]<\/p>","protected":false},"author":2,"featured_media":0,"parent":0,"menu_order":0,"comment_status":"closed","ping_status":"closed","template":"","meta":{"footnotes":""},"class_list":["post-243","page","type-page","status-publish","hentry"],"yoast_head":"<!-- This site is optimized with the Yoast SEO plugin v23.4 - https:\/\/yoast.com\/wordpress\/plugins\/seo\/ -->\n<title>China Auto parts supplier, truck parts supplier, one-stop auto parts shop<\/title>\n<meta name=\"description\" content=\"China Auto parts supplier, truck parts supplier, one-stop auto parts shop, providing high quality product with good price.\" \/>\n<meta name=\"robots\" content=\"index, follow, max-snippet:-1, max-image-preview:large, max-video-preview:-1\" \/>\n<link rel=\"canonical\" href=\"https:\/\/www.xyhautoparts.com\/fi\/meista\/\" \/>\n<meta property=\"og:locale\" content=\"fi_FI\" \/>\n<meta property=\"og:type\" content=\"article\" \/>\n<meta property=\"og:title\" content=\"China Auto parts supplier, truck parts supplier, one-stop auto parts shop\" \/>\n<meta property=\"og:description\" content=\"China Auto parts supplier, truck parts supplier, one-stop auto parts shop, providing high quality product with good price.\" \/>\n<meta property=\"og:url\" content=\"https:\/\/www.xyhautoparts.com\/fi\/meista\/\" \/>\n<meta property=\"og:site_name\" content=\"Fujian Quanzhou Xinyuhuang trading Co., LTD\" \/>\n<meta property=\"article:publisher\" content=\"https:\/\/www.facebook.com\/XinyuhuangAutoParts\" \/>\n<meta property=\"article:modified_time\" content=\"2025-06-14T02:56:10+00:00\" \/>\n<meta property=\"og:image\" content=\"https:\/\/www.xyhautoparts.com\/wp-content\/themes\/WMJ\/template\/img\/high-quality.png\" \/>\n<meta name=\"twitter:card\" content=\"summary_large_image\" \/>\n<meta name=\"twitter:label1\" content=\"Arvioitu lukuaika\" \/>\n\t<meta name=\"twitter:data1\" content=\"5 minuuttia\" \/>\n<script type=\"application\/ld+json\" class=\"yoast-schema-graph\">{\"@context\":\"https:\/\/schema.org\",\"@graph\":[{\"@type\":\"WebPage\",\"@id\":\"https:\/\/www.xyhautoparts.com\/about-us\/\",\"url\":\"https:\/\/www.xyhautoparts.com\/about-us\/\",\"name\":\"China Auto parts supplier, truck parts supplier, one-stop auto parts shop\",\"isPartOf\":{\"@id\":\"https:\/\/www.xyhautoparts.com\/#website\"},\"primaryImageOfPage\":{\"@id\":\"https:\/\/www.xyhautoparts.com\/about-us\/#primaryimage\"},\"image\":{\"@id\":\"https:\/\/www.xyhautoparts.com\/about-us\/#primaryimage\"},\"thumbnailUrl\":\"https:\/\/www.xyhautoparts.com\/wp-content\/themes\/WMJ\/template\/img\/high-quality.png\",\"datePublished\":\"2024-09-07T01:58:31+00:00\",\"dateModified\":\"2025-06-14T02:56:10+00:00\",\"description\":\"China Auto parts supplier, truck parts supplier, one-stop auto parts shop, providing high quality product with good price.\",\"inLanguage\":\"fi\",\"potentialAction\":[{\"@type\":\"ReadAction\",\"target\":[\"https:\/\/www.xyhautoparts.com\/about-us\/\"]}]},{\"@type\":\"ImageObject\",\"inLanguage\":\"fi\",\"@id\":\"https:\/\/www.xyhautoparts.com\/about-us\/#primaryimage\",\"url\":\"https:\/\/www.xyhautoparts.com\/wp-content\/themes\/WMJ\/template\/img\/high-quality.png\",\"contentUrl\":\"https:\/\/www.xyhautoparts.com\/wp-content\/themes\/WMJ\/template\/img\/high-quality.png\"},{\"@type\":\"WebSite\",\"@id\":\"https:\/\/www.xyhautoparts.com\/#website\",\"url\":\"https:\/\/www.xyhautoparts.com\/\",\"name\":\"Fujian Quanzhou Xinyuhuang trading Co., LTD\",\"description\":\"Fujian Quanzhou Xinyuhuang trading Co., LTD\",\"publisher\":{\"@id\":\"https:\/\/www.xyhautoparts.com\/#organization\"},\"potentialAction\":[{\"@type\":\"SearchAction\",\"target\":{\"@type\":\"EntryPoint\",\"urlTemplate\":\"https:\/\/www.xyhautoparts.com\/?s={search_term_string}\"},\"query-input\":{\"@type\":\"PropertyValueSpecification\",\"valueRequired\":true,\"valueName\":\"search_term_string\"}}],\"inLanguage\":\"fi\"},{\"@type\":\"Organization\",\"@id\":\"https:\/\/www.xyhautoparts.com\/#organization\",\"name\":\"Fujian Quanzhou Xinyuhuang trading Co., LTD\",\"url\":\"https:\/\/www.xyhautoparts.com\/\",\"logo\":{\"@type\":\"ImageObject\",\"inLanguage\":\"fi\",\"@id\":\"https:\/\/www.xyhautoparts.com\/#\/schema\/logo\/image\/\",\"url\":\"https:\/\/www.xyhautoparts.com\/wp-content\/uploads\/2024\/10\/cropped-cropped-cropped-logo-1.webp\",\"contentUrl\":\"https:\/\/www.xyhautoparts.com\/wp-content\/uploads\/2024\/10\/cropped-cropped-cropped-logo-1.webp\",\"width\":300,\"height\":300,\"caption\":\"Fujian Quanzhou Xinyuhuang trading Co., LTD\"},\"image\":{\"@id\":\"https:\/\/www.xyhautoparts.com\/#\/schema\/logo\/image\/\"},\"sameAs\":[\"https:\/\/www.facebook.com\/XinyuhuangAutoParts\",\"https:\/\/www.instagram.com\/xinyuhuangautoparts\/\",\"https:\/\/www.youtube.com\/@XinyuhuangAutoParts\"]}]}<\/script>\n<!-- \/ Yoast SEO plugin. -->","yoast_head_json":{"title":"China Auto parts supplier, truck parts supplier, one-stop auto parts shop","description":"China Auto parts supplier, truck parts supplier, one-stop auto parts shop, providing high quality product with good price.","robots":{"index":"index","follow":"follow","max-snippet":"max-snippet:-1","max-image-preview":"max-image-preview:large","max-video-preview":"max-video-preview:-1"},"canonical":"https:\/\/www.xyhautoparts.com\/fi\/meista\/","og_locale":"fi_FI","og_type":"article","og_title":"China Auto parts supplier, truck parts supplier, one-stop auto parts shop","og_description":"China Auto parts supplier, truck parts supplier, one-stop auto parts shop, providing high quality product with good price.","og_url":"https:\/\/www.xyhautoparts.com\/fi\/meista\/","og_site_name":"Fujian Quanzhou Xinyuhuang trading Co., LTD","article_publisher":"https:\/\/www.facebook.com\/XinyuhuangAutoParts","article_modified_time":"2025-06-14T02:56:10+00:00","og_image":[{"url":"https:\/\/www.xyhautoparts.com\/wp-content\/themes\/WMJ\/template\/img\/high-quality.png"}],"twitter_card":"summary_large_image","twitter_misc":{"Arvioitu lukuaika":"5 minuuttia"},"schema":{"@context":"https:\/\/schema.org","@graph":[{"@type":"WebPage","@id":"https:\/\/www.xyhautoparts.com\/about-us\/","url":"https:\/\/www.xyhautoparts.com\/about-us\/","name":"China Auto parts supplier, truck parts supplier, one-stop auto parts shop","isPartOf":{"@id":"https:\/\/www.xyhautoparts.com\/#website"},"primaryImageOfPage":{"@id":"https:\/\/www.xyhautoparts.com\/about-us\/#primaryimage"},"image":{"@id":"https:\/\/www.xyhautoparts.com\/about-us\/#primaryimage"},"thumbnailUrl":"https:\/\/www.xyhautoparts.com\/wp-content\/themes\/WMJ\/template\/img\/high-quality.png","datePublished":"2024-09-07T01:58:31+00:00","dateModified":"2025-06-14T02:56:10+00:00","description":"China Auto parts supplier, truck parts supplier, one-stop auto parts shop, providing high quality product with good price.","inLanguage":"fi","potentialAction":[{"@type":"ReadAction","target":["https:\/\/www.xyhautoparts.com\/about-us\/"]}]},{"@type":"ImageObject","inLanguage":"fi","@id":"https:\/\/www.xyhautoparts.com\/about-us\/#primaryimage","url":"https:\/\/www.xyhautoparts.com\/wp-content\/themes\/WMJ\/template\/img\/high-quality.png","contentUrl":"https:\/\/www.xyhautoparts.com\/wp-content\/themes\/WMJ\/template\/img\/high-quality.png"},{"@type":"WebSite","@id":"https:\/\/www.xyhautoparts.com\/#website","url":"https:\/\/www.xyhautoparts.com\/","name":"Fujian Quanzhou Xinyuhuang trading Co., LTD","description":"Fujian Quanzhou Xinyuhuang trading Co., LTD","publisher":{"@id":"https:\/\/www.xyhautoparts.com\/#organization"},"potentialAction":[{"@type":"SearchAction","target":{"@type":"EntryPoint","urlTemplate":"https:\/\/www.xyhautoparts.com\/?s={search_term_string}"},"query-input":{"@type":"PropertyValueSpecification","valueRequired":true,"valueName":"search_term_string"}}],"inLanguage":"fi"},{"@type":"Organization","@id":"https:\/\/www.xyhautoparts.com\/#organization","name":"Fujian Quanzhou Xinyuhuang trading Co., LTD","url":"https:\/\/www.xyhautoparts.com\/","logo":{"@type":"ImageObject","inLanguage":"fi","@id":"https:\/\/www.xyhautoparts.com\/#\/schema\/logo\/image\/","url":"https:\/\/www.xyhautoparts.com\/wp-content\/uploads\/2024\/10\/cropped-cropped-cropped-logo-1.webp","contentUrl":"https:\/\/www.xyhautoparts.com\/wp-content\/uploads\/2024\/10\/cropped-cropped-cropped-logo-1.webp","width":300,"height":300,"caption":"Fujian Quanzhou Xinyuhuang trading Co., LTD"},"image":{"@id":"https:\/\/www.xyhautoparts.com\/#\/schema\/logo\/image\/"},"sameAs":["https:\/\/www.facebook.com\/XinyuhuangAutoParts","https:\/\/www.instagram.com\/xinyuhuangautoparts\/","https:\/\/www.youtube.com\/@XinyuhuangAutoParts"]}]}},"_links":{"self":[{"href":"https:\/\/www.xyhautoparts.com\/fi\/wp-json\/wp\/v2\/pages\/243"}],"collection":[{"href":"https:\/\/www.xyhautoparts.com\/fi\/wp-json\/wp\/v2\/pages"}],"about":[{"href":"https:\/\/www.xyhautoparts.com\/fi\/wp-json\/wp\/v2\/types\/page"}],"author":[{"embeddable":true,"href":"https:\/\/www.xyhautoparts.com\/fi\/wp-json\/wp\/v2\/users\/2"}],"replies":[{"embeddable":true,"href":"https:\/\/www.xyhautoparts.com\/fi\/wp-json\/wp\/v2\/comments?post=243"}],"version-history":[{"count":95,"href":"https:\/\/www.xyhautoparts.com\/fi\/wp-json\/wp\/v2\/pages\/243\/revisions"}],"predecessor-version":[{"id":1526,"href":"https:\/\/www.xyhautoparts.com\/fi\/wp-json\/wp\/v2\/pages\/243\/revisions\/1526"}],"wp:attachment":[{"href":"https:\/\/www.xyhautoparts.com\/fi\/wp-json\/wp\/v2\/media?parent=243"}],"curies":[{"name":"wp","href":"https:\/\/api.w.org\/{rel}","templated":true}]}}