{"id":1083,"date":"2024-10-21T03:36:37","date_gmt":"2024-10-21T03:36:37","guid":{"rendered":"https:\/\/www.xyhautoparts.com\/?page_id=1083"},"modified":"2024-10-21T03:50:31","modified_gmt":"2024-10-21T03:50:31","slug":"privacy-policy","status":"publish","type":"page","link":"https:\/\/www.xyhautoparts.com\/fi\/tietosuojakaytanto\/","title":{"rendered":""},"content":{"rendered":"<div class=\"path_bar\">\n        <div class=\"layout\" style=\"margin-bottom:30px\">\n            <ul>\n                <li><a href=\"https:\/\/www.xyhautoparts.com\/\">Etusivu<\/a><\/li>\n                <li><a href=\"\">Tietosuojak\u00e4yt\u00e4nt\u00f6<\/a><\/li>\n            <\/ul>\n        <\/div>\n    <\/div>\n\n\n\n<h1 class=\"wp-block-heading has-text-align-center\" style=\"font-size:28px\">Tietosuojak\u00e4yt\u00e4nt\u00f6<\/h1>\n\n\n\n<div class=\"pra_bar\" style=\"margin-top:30px\">\n        <div class=\"layout\" style=\"margin-bottom:30px;line-height:1.8em\">\n           <p>T\u00e4ss\u00e4 tietosuojak\u00e4yt\u00e4nn\u00f6ss\u00e4 selitet\u00e4\u00e4n, miten \"me\" ker\u00e4\u00e4mme, k\u00e4yt\u00e4mme, jaamme ja k\u00e4sittelemme tietojasi sek\u00e4 n\u00e4ihin tietoihin liittyvi\u00e4 oikeuksiasi ja valintojasi. T\u00e4t\u00e4 tietosuojak\u00e4yt\u00e4nt\u00f6\u00e4 sovelletaan kaikkiin henkil\u00f6tietoihin, joita ker\u00e4t\u00e4\u00e4n mink\u00e4 tahansa kirjallisen, s\u00e4hk\u00f6isen ja suullisen viestinn\u00e4n aikana, tai henkil\u00f6tietoihin, joita ker\u00e4t\u00e4\u00e4n verkossa tai sen ulkopuolella, mukaan lukien: verkkosivustomme ja kaikki muut s\u00e4hk\u00f6postit.<\/p>\n<p>Lue k\u00e4ytt\u00f6ehtomme ja t\u00e4m\u00e4 k\u00e4yt\u00e4nt\u00f6 ennen palveluidemme k\u00e4ytt\u00e4mist\u00e4. Jos et hyv\u00e4ksy t\u00e4t\u00e4 k\u00e4yt\u00e4nt\u00f6\u00e4 tai k\u00e4ytt\u00f6ehtoja, \u00e4l\u00e4 k\u00e4yt\u00e4 palveluitamme. Jos sijaitset Euroopan talousalueen ulkopuolisella laink\u00e4ytt\u00f6alueella, ostamalla tuotteitamme tai k\u00e4ytt\u00e4m\u00e4ll\u00e4 palveluitamme hyv\u00e4ksyt t\u00e4ss\u00e4 k\u00e4yt\u00e4nn\u00f6ss\u00e4mme kuvatut ehdot ja tietosuojak\u00e4yt\u00e4nt\u00f6mme.<\/p>\n<p>Voimme muuttaa t\u00e4t\u00e4 k\u00e4yt\u00e4nt\u00f6\u00e4 milloin tahansa ilman ennakkoilmoitusta, ja muutokset voivat koskea jo hallussamme olevia henkil\u00f6tietojasi sek\u00e4 kaikkia uusia henkil\u00f6tietoja, jotka on ker\u00e4tty k\u00e4yt\u00e4nn\u00f6n muuttamisen j\u00e4lkeen. Jos teemme muutoksia, ilmoitamme siit\u00e4 sinulle muuttamalla t\u00e4m\u00e4n k\u00e4yt\u00e4nn\u00f6n yl\u00e4osassa olevaa p\u00e4iv\u00e4m\u00e4\u00e4r\u00e4\u00e4. Ilmoitamme sinulle etuk\u00e4teen, jos teemme olennaisia muutoksia siihen, miten ker\u00e4\u00e4mme, k\u00e4yt\u00e4mme tai luovutamme henkil\u00f6tietojasi, jotka vaikuttavat t\u00e4m\u00e4n k\u00e4yt\u00e4nn\u00f6n mukaisiin oikeuksiisi. Jos sijaitset muulla laink\u00e4ytt\u00f6alueella kuin Euroopan talousalueella, Yhdistyneess\u00e4 kuningaskunnassa tai Sveitsiss\u00e4 (yhdess\u00e4 \"Euroopan maat\"), se, ett\u00e4 jatkat palveluidemme k\u00e4ytt\u00e4mist\u00e4 sen j\u00e4lkeen, kun olet vastaanottanut ilmoituksen muutoksista, tarkoittaa, ett\u00e4 hyv\u00e4ksyt p\u00e4ivitetyn k\u00e4yt\u00e4nn\u00f6n.<\/p>\n<p>Lis\u00e4ksi saatamme antaa sinulle reaaliaikaisia tiedotteita tai lis\u00e4tietoja Palveluidemme tiettyjen osien henkil\u00f6tietojen k\u00e4sittelyk\u00e4yt\u00e4nn\u00f6ist\u00e4. T\u00e4llaiset ilmoitukset voivat t\u00e4ydent\u00e4\u00e4 t\u00e4t\u00e4 k\u00e4yt\u00e4nt\u00f6\u00e4 tai antaa sinulle lis\u00e4vaihtoehtoja siit\u00e4, miten k\u00e4sittelemme henkil\u00f6tietojasi.<\/p>\n<p>Ker\u00e4\u00e4m\u00e4mme henkil\u00f6tiedot<\/p>\n<p>Ker\u00e4\u00e4mme henkil\u00f6tietoja, kun k\u00e4yt\u00e4t palveluitamme, l\u00e4het\u00e4t henkil\u00f6tietoja, kun niit\u00e4 pyydet\u00e4\u00e4n sivustolla. Henkil\u00f6kohtaisia tietoja ovat yleens\u00e4 kaikki tiedot, jotka liittyv\u00e4t sinuun, joista sinut voidaan tunnistaa henkil\u00f6kohtaisesti tai joiden avulla sinut voidaan tunnistaa, kuten nimesi, s\u00e4hk\u00f6postiosoitteesi, puhelinnumerosi ja osoitteesi. Henkil\u00f6kohtaisten tietojen m\u00e4\u00e4ritelm\u00e4 vaihtelee laink\u00e4ytt\u00f6alueittain. T\u00e4m\u00e4n tietosuojak\u00e4yt\u00e4nn\u00f6n mukaan sinuun sovelletaan vain sit\u00e4 m\u00e4\u00e4ritelm\u00e4\u00e4, joka koskee sinua sijaintisi perusteella. Henkil\u00f6kohtaisiin tietoihin eiv\u00e4t kuulu tiedot, jotka on peruuttamattomasti anonymisoitu tai yhdistetty siten, ett\u00e4 niiden perusteella emme voi en\u00e4\u00e4 tunnistaa sinua, olipa kyse sitten yhdistelm\u00e4st\u00e4 muiden tietojen kanssa tai muulla tavoin.<\/p>\n<p>Saatamme ker\u00e4t\u00e4 sinusta muun muassa seuraavia henkil\u00f6tietoja:<br>\nTiedot, jotka annat suoraan ja vapaaehtoisesti meille osto- tai palvelusopimuksen toteuttamiseksi. Ker\u00e4\u00e4mme henkil\u00f6tietojasi, jotka annat meille k\u00e4ytt\u00e4ess\u00e4si palveluitamme. Jos esimerkiksi vierailet Sivustollamme ja teet tilauksen, ker\u00e4\u00e4mme tietoja, jotka annat meille tilausprosessin aikana. N\u00e4it\u00e4 tietoja ovat sukunimesi, postiosoitteesi, s\u00e4hk\u00f6postiosoitteesi, puhelinnumerosi, kiinnostuneet tuotteet, Whatsapp , yritys, maa. Saatamme ker\u00e4t\u00e4 henkil\u00f6tietoja my\u00f6s silloin, kun olet yhteydess\u00e4 johonkin osastomme, kuten asiakaspalveluun, tai kun t\u00e4yt\u00e4t Sivustolla olevia verkkolomakkeita tai kyselyit\u00e4. Voit my\u00f6s antaa meille s\u00e4hk\u00f6postiosoitteesi, jos haluat saada tietoa tarjoamistamme tuotteista ja palveluista.<\/p>\n<p>Miten saatte suostumukseni?<br>\nKun annat meille henkil\u00f6tietojasi tapahtuman loppuunsaattamiseksi, luottokorttisi vahvistamiseksi, tilauksen tekemiseksi, toimituksen ajoittamiseksi tai ostoksen palauttamiseksi, oletamme, ett\u00e4 annat suostumuksesi siihen, ett\u00e4 ker\u00e4\u00e4mme tietosi ja k\u00e4yt\u00e4mme niit\u00e4 vain t\u00e4h\u00e4n tarkoitukseen.\n<\/p>\n<p>Jos pyyd\u00e4mme sinua antamaan meille henkil\u00f6tietojasi muusta syyst\u00e4, kuten markkinointitarkoituksiin, pyyd\u00e4mme sinulta suoraan nimenomaista suostumustasi tai annamme sinulle mahdollisuuden kielt\u00e4yty\u00e4.<\/p>\n<p>Miten voin peruuttaa suostumukseni?<br>\nJos muutat mielt\u00e4si suostumuksesi antamisen j\u00e4lkeen etk\u00e4 en\u00e4\u00e4 suostu siihen, ett\u00e4 otamme sinuun yhteytt\u00e4, ker\u00e4\u00e4mme tietojasi tai luovutamme niit\u00e4, voit ilmoittaa siit\u00e4 ottamalla meihin yhteytt\u00e4.<\/p>\n \n<p>Kolmansien osapuolten tarjoamat palvelut<br>\nYleisesti ottaen k\u00e4ytt\u00e4m\u00e4mme kolmannen osapuolen palveluntarjoajat ker\u00e4\u00e4v\u00e4t, k\u00e4ytt\u00e4v\u00e4t ja luovuttavat tietojasi vain siin\u00e4 m\u00e4\u00e4rin kuin on tarpeen niiden meille tarjoamien palvelujen suorittamiseksi.<\/p>\n\n<p>Tietyill\u00e4 kolmannen osapuolen palveluntarjoajilla, kuten maksuportailla ja muilla maksutapahtumien k\u00e4sittelij\u00f6ill\u00e4, on kuitenkin omat tietosuojak\u00e4yt\u00e4nt\u00f6ns\u00e4, jotka koskevat tietoja, jotka meid\u00e4n on annettava niille ostotapahtumien yhteydess\u00e4.<\/p>\n\n<p>Suosittelemme, ett\u00e4 luet n\u00e4iden palveluntarjoajien tietosuojak\u00e4yt\u00e4nn\u00f6t huolellisesti, jotta ymm\u00e4rr\u00e4t, miten ne k\u00e4sittelev\u00e4t henkil\u00f6tietojasi.<\/p>\n<p>On muistettava, ett\u00e4 jotkin palveluntarjoajat voivat sijaita tai niiden tilat voivat sijaita eri laink\u00e4ytt\u00f6alueella kuin sinun tai meid\u00e4n. Jos siis p\u00e4\u00e4t\u00e4t toteuttaa tapahtuman, joka edellytt\u00e4\u00e4 kolmannen osapuolen palveluntarjoajan palveluita, tietojasi saatetaan soveltaa sen laink\u00e4ytt\u00f6alueen lakeja, jossa kyseinen palveluntarjoaja sijaitsee, tai sen laink\u00e4ytt\u00f6alueen lakeja, jossa palveluntarjoajan tilat sijaitsevat.<\/p>\n<p>Turvallisuus<br>\nSuojellaksemme henkil\u00f6tietojasi ryhdymme kohtuullisiin varotoimenpiteisiin ja noudatamme alan parhaita k\u00e4yt\u00e4nt\u00f6j\u00e4 varmistaaksemme, ett\u00e4 tietoja ei menetet\u00e4, k\u00e4ytet\u00e4 v\u00e4\u00e4rin, k\u00e4ytet\u00e4, luovuteta, muuteta tai tuhota ep\u00e4asianmukaisesti.<\/p>\n<p>Suostumuksen ik\u00e4raja<br>\nK\u00e4ytt\u00e4m\u00e4ll\u00e4 t\u00e4t\u00e4 sivustoa vakuutat, ett\u00e4 olet v\u00e4hint\u00e4\u00e4n t\u00e4ysi-ik\u00e4inen asuinvaltiossasi tai -provinssissasi ja ett\u00e4 olet antanut meille suostumuksesi siihen, ett\u00e4 huollossasi olevat alaik\u00e4iset voivat k\u00e4ytt\u00e4\u00e4 t\u00e4t\u00e4 sivustoa.<\/p>\n<p>Muutokset t\u00e4h\u00e4n tietosuojak\u00e4yt\u00e4nt\u00f6\u00f6n<br>\nPid\u00e4t\u00e4mme oikeuden muuttaa t\u00e4t\u00e4 tietosuojak\u00e4yt\u00e4nt\u00f6\u00e4 milloin tahansa, joten tarkistathan sen usein. Muutokset ja selvennykset tulevat voimaan v\u00e4litt\u00f6m\u00e4sti, kun ne julkaistaan verkkosivustolla. Jos teemme muutoksia t\u00e4m\u00e4n k\u00e4yt\u00e4nn\u00f6n sis\u00e4lt\u00f6\u00f6n, ilmoitamme t\u00e4\u00e4ll\u00e4, ett\u00e4 k\u00e4yt\u00e4nt\u00f6\u00e4 on p\u00e4ivitetty, jotta tied\u00e4t, mit\u00e4 tietoja ker\u00e4\u00e4mme, miten k\u00e4yt\u00e4mme niit\u00e4 ja miss\u00e4 olosuhteissa luovutamme niit\u00e4. Ilmoitamme sinulle, jos meill\u00e4 on siihen aihetta.<p>\n<p>Jos myym\u00e4l\u00e4mme ostaa toinen yritys tai sulautuu toiseen yritykseen, tietosi voidaan siirt\u00e4\u00e4 uusille omistajille, jotta voimme jatkaa tuotteiden myynti\u00e4 sinulle.<\/p>\n<p>Kysymykset ja yhteystiedot<br>\nJos haluat: p\u00e4\u00e4st\u00e4 k\u00e4siksi, korjata, muuttaa tai poistaa sinusta hallussamme olevia henkil\u00f6tietoja, tehd\u00e4 valituksen tai haluat yksinkertaisesti lis\u00e4tietoja, ota yhteytt\u00e4 s\u00e4hk\u00f6postitse sivun alareunassa.<\/p>\n      <\/div>\n    <\/div>","protected":false},"excerpt":{"rendered":"<p>Home Privacy Policy Privacy Policy This Privacy Policy explains how &#8220;we&#8221; collect, use, share and process your information as well as the rights and choices you have associated with that information. This privacy policy applies to all personal information collected during any written, electronic and oral communication, or personal information collected online or offline, including: [&hellip;]<\/p>","protected":false},"author":1,"featured_media":0,"parent":0,"menu_order":0,"comment_status":"closed","ping_status":"closed","template":"","meta":{"footnotes":""},"class_list":["post-1083","page","type-page","status-publish","hentry"],"yoast_head":"<!-- This site is optimized with the Yoast SEO plugin v23.4 - https:\/\/yoast.com\/wordpress\/plugins\/seo\/ -->\n<title>China Auto parts supplier, truck parts supplier, one-stop auto parts shop<\/title>\n<meta name=\"description\" content=\"China Auto parts supplier, truck parts supplier, one-stop auto parts shop, providing high quality product with good price.\" \/>\n<meta name=\"robots\" content=\"index, follow, max-snippet:-1, max-image-preview:large, max-video-preview:-1\" \/>\n<link rel=\"canonical\" href=\"https:\/\/www.xyhautoparts.com\/fi\/tietosuojakaytanto\/\" \/>\n<meta property=\"og:locale\" content=\"fi_FI\" \/>\n<meta property=\"og:type\" content=\"article\" \/>\n<meta property=\"og:title\" content=\"China Auto parts supplier, truck parts supplier, one-stop auto parts shop\" \/>\n<meta property=\"og:description\" content=\"China Auto parts supplier, truck parts supplier, one-stop auto parts shop, providing high quality product with good price.\" \/>\n<meta property=\"og:url\" content=\"https:\/\/www.xyhautoparts.com\/fi\/tietosuojakaytanto\/\" \/>\n<meta property=\"og:site_name\" content=\"Fujian Quanzhou Xinyuhuang trading Co., LTD\" \/>\n<meta property=\"article:publisher\" content=\"https:\/\/www.facebook.com\/XinyuhuangAutoParts\" \/>\n<meta property=\"article:modified_time\" content=\"2024-10-21T03:50:31+00:00\" \/>\n<meta name=\"twitter:card\" content=\"summary_large_image\" \/>\n<meta name=\"twitter:label1\" content=\"Arvioitu lukuaika\" \/>\n\t<meta name=\"twitter:data1\" content=\"5 minuuttia\" \/>\n<script type=\"application\/ld+json\" class=\"yoast-schema-graph\">{\"@context\":\"https:\/\/schema.org\",\"@graph\":[{\"@type\":\"WebPage\",\"@id\":\"https:\/\/www.xyhautoparts.com\/privacy-policy\/\",\"url\":\"https:\/\/www.xyhautoparts.com\/privacy-policy\/\",\"name\":\"China Auto parts supplier, truck parts supplier, one-stop auto parts shop\",\"isPartOf\":{\"@id\":\"https:\/\/www.xyhautoparts.com\/#website\"},\"datePublished\":\"2024-10-21T03:36:37+00:00\",\"dateModified\":\"2024-10-21T03:50:31+00:00\",\"description\":\"China Auto parts supplier, truck parts supplier, one-stop auto parts shop, providing high quality product with good price.\",\"inLanguage\":\"fi\",\"potentialAction\":[{\"@type\":\"ReadAction\",\"target\":[\"https:\/\/www.xyhautoparts.com\/privacy-policy\/\"]}]},{\"@type\":\"WebSite\",\"@id\":\"https:\/\/www.xyhautoparts.com\/#website\",\"url\":\"https:\/\/www.xyhautoparts.com\/\",\"name\":\"Fujian Quanzhou Xinyuhuang trading Co., LTD\",\"description\":\"Fujian Quanzhou Xinyuhuang trading Co., LTD\",\"publisher\":{\"@id\":\"https:\/\/www.xyhautoparts.com\/#organization\"},\"potentialAction\":[{\"@type\":\"SearchAction\",\"target\":{\"@type\":\"EntryPoint\",\"urlTemplate\":\"https:\/\/www.xyhautoparts.com\/?s={search_term_string}\"},\"query-input\":{\"@type\":\"PropertyValueSpecification\",\"valueRequired\":true,\"valueName\":\"search_term_string\"}}],\"inLanguage\":\"fi\"},{\"@type\":\"Organization\",\"@id\":\"https:\/\/www.xyhautoparts.com\/#organization\",\"name\":\"Fujian Quanzhou Xinyuhuang trading Co., LTD\",\"url\":\"https:\/\/www.xyhautoparts.com\/\",\"logo\":{\"@type\":\"ImageObject\",\"inLanguage\":\"fi\",\"@id\":\"https:\/\/www.xyhautoparts.com\/#\/schema\/logo\/image\/\",\"url\":\"https:\/\/www.xyhautoparts.com\/wp-content\/uploads\/2024\/10\/cropped-cropped-cropped-logo-1.webp\",\"contentUrl\":\"https:\/\/www.xyhautoparts.com\/wp-content\/uploads\/2024\/10\/cropped-cropped-cropped-logo-1.webp\",\"width\":300,\"height\":300,\"caption\":\"Fujian Quanzhou Xinyuhuang trading Co., LTD\"},\"image\":{\"@id\":\"https:\/\/www.xyhautoparts.com\/#\/schema\/logo\/image\/\"},\"sameAs\":[\"https:\/\/www.facebook.com\/XinyuhuangAutoParts\",\"https:\/\/www.instagram.com\/xinyuhuangautoparts\/\",\"https:\/\/www.youtube.com\/@XinyuhuangAutoParts\"]}]}<\/script>\n<!-- \/ Yoast SEO plugin. -->","yoast_head_json":{"title":"China Auto parts supplier, truck parts supplier, one-stop auto parts shop","description":"China Auto parts supplier, truck parts supplier, one-stop auto parts shop, providing high quality product with good price.","robots":{"index":"index","follow":"follow","max-snippet":"max-snippet:-1","max-image-preview":"max-image-preview:large","max-video-preview":"max-video-preview:-1"},"canonical":"https:\/\/www.xyhautoparts.com\/fi\/tietosuojakaytanto\/","og_locale":"fi_FI","og_type":"article","og_title":"China Auto parts supplier, truck parts supplier, one-stop auto parts shop","og_description":"China Auto parts supplier, truck parts supplier, one-stop auto parts shop, providing high quality product with good price.","og_url":"https:\/\/www.xyhautoparts.com\/fi\/tietosuojakaytanto\/","og_site_name":"Fujian Quanzhou Xinyuhuang trading Co., LTD","article_publisher":"https:\/\/www.facebook.com\/XinyuhuangAutoParts","article_modified_time":"2024-10-21T03:50:31+00:00","twitter_card":"summary_large_image","twitter_misc":{"Arvioitu lukuaika":"5 minuuttia"},"schema":{"@context":"https:\/\/schema.org","@graph":[{"@type":"WebPage","@id":"https:\/\/www.xyhautoparts.com\/privacy-policy\/","url":"https:\/\/www.xyhautoparts.com\/privacy-policy\/","name":"China Auto parts supplier, truck parts supplier, one-stop auto parts shop","isPartOf":{"@id":"https:\/\/www.xyhautoparts.com\/#website"},"datePublished":"2024-10-21T03:36:37+00:00","dateModified":"2024-10-21T03:50:31+00:00","description":"China Auto parts supplier, truck parts supplier, one-stop auto parts shop, providing high quality product with good price.","inLanguage":"fi","potentialAction":[{"@type":"ReadAction","target":["https:\/\/www.xyhautoparts.com\/privacy-policy\/"]}]},{"@type":"WebSite","@id":"https:\/\/www.xyhautoparts.com\/#website","url":"https:\/\/www.xyhautoparts.com\/","name":"Fujian Quanzhou Xinyuhuang trading Co., LTD","description":"Fujian Quanzhou Xinyuhuang trading Co., LTD","publisher":{"@id":"https:\/\/www.xyhautoparts.com\/#organization"},"potentialAction":[{"@type":"SearchAction","target":{"@type":"EntryPoint","urlTemplate":"https:\/\/www.xyhautoparts.com\/?s={search_term_string}"},"query-input":{"@type":"PropertyValueSpecification","valueRequired":true,"valueName":"search_term_string"}}],"inLanguage":"fi"},{"@type":"Organization","@id":"https:\/\/www.xyhautoparts.com\/#organization","name":"Fujian Quanzhou Xinyuhuang trading Co., LTD","url":"https:\/\/www.xyhautoparts.com\/","logo":{"@type":"ImageObject","inLanguage":"fi","@id":"https:\/\/www.xyhautoparts.com\/#\/schema\/logo\/image\/","url":"https:\/\/www.xyhautoparts.com\/wp-content\/uploads\/2024\/10\/cropped-cropped-cropped-logo-1.webp","contentUrl":"https:\/\/www.xyhautoparts.com\/wp-content\/uploads\/2024\/10\/cropped-cropped-cropped-logo-1.webp","width":300,"height":300,"caption":"Fujian Quanzhou Xinyuhuang trading Co., LTD"},"image":{"@id":"https:\/\/www.xyhautoparts.com\/#\/schema\/logo\/image\/"},"sameAs":["https:\/\/www.facebook.com\/XinyuhuangAutoParts","https:\/\/www.instagram.com\/xinyuhuangautoparts\/","https:\/\/www.youtube.com\/@XinyuhuangAutoParts"]}]}},"_links":{"self":[{"href":"https:\/\/www.xyhautoparts.com\/fi\/wp-json\/wp\/v2\/pages\/1083"}],"collection":[{"href":"https:\/\/www.xyhautoparts.com\/fi\/wp-json\/wp\/v2\/pages"}],"about":[{"href":"https:\/\/www.xyhautoparts.com\/fi\/wp-json\/wp\/v2\/types\/page"}],"author":[{"embeddable":true,"href":"https:\/\/www.xyhautoparts.com\/fi\/wp-json\/wp\/v2\/users\/1"}],"replies":[{"embeddable":true,"href":"https:\/\/www.xyhautoparts.com\/fi\/wp-json\/wp\/v2\/comments?post=1083"}],"version-history":[{"count":5,"href":"https:\/\/www.xyhautoparts.com\/fi\/wp-json\/wp\/v2\/pages\/1083\/revisions"}],"predecessor-version":[{"id":1089,"href":"https:\/\/www.xyhautoparts.com\/fi\/wp-json\/wp\/v2\/pages\/1083\/revisions\/1089"}],"wp:attachment":[{"href":"https:\/\/www.xyhautoparts.com\/fi\/wp-json\/wp\/v2\/media?parent=1083"}],"curies":[{"name":"wp","href":"https:\/\/api.w.org\/{rel}","templated":true}]}}