{"id":243,"date":"2024-09-07T01:58:31","date_gmt":"2024-09-07T01:58:31","guid":{"rendered":"https:\/\/www.xyhautoparts.com\/?page_id=243"},"modified":"2025-06-14T02:56:10","modified_gmt":"2025-06-14T02:56:10","slug":"about-us","status":"publish","type":"page","link":"https:\/\/www.xyhautoparts.com\/et\/meist\/","title":{"rendered":""},"content":{"rendered":"<div class=\"path_bar\">\n        <div class=\"layout\" style=\"margin-bottom:30px\">\n            <ul>\n                <li><a href=\"\/\">Kodu<\/a><\/li>\n                <li><a href=\"\">Meie kohta<\/a><\/li>\n            <\/ul>\n        <\/div>\n    <\/div>\n\n\n\n<h1 class=\"wp-block-heading has-text-align-center\" style=\"font-size:28px\">RELIABLE TRUCK PARTS DISTRIBUTORS FOR YOU<\/h1>\n\n\n\n<div class=\"index_company_intr ab-com\">\n      <div class=\"layout\">\n        <div class=\"index_bd\">\n          <div class=\"company_intr_cont wow fadeInLeftA\" style=\"visibility: visible; animation-name: fadeInLeftA;\">\n           \n               <div class=\"tt-ab\">\n            <h2 class=\"cell_title\" style=\"color:#000\"><a href=\"\/products\">Truck Accessories<\/a><\/span><span class=\"s2\"> Exports<\/span><\/h2>\n           \n          <\/div>  \n              <strong>Fujian Quanzhou Xinyuhuang Trading Co., Ltd.<\/strong>\n              <div class=\"cell_desc text-p\" >\n                <p class=\"p1\">Fujian Quanzhou Xinyuhuang Trading Co., Ltd. on pakkunud <a href=\"\/products\"><span class=\"s1\">veoauto varuosad<\/span><\/a> m\u00fc\u00fcgiteenuseid autoomanikele nii riigisiseselt kui ka rahvusvaheliselt alates 2008. aastast. L\u00e4bi pideva \u00f5ppimise ja uurimise on asutaja juhtinud m\u00fc\u00fcgi- ja hankemeeskonda, et saavutada suurep\u00e4raseid tulemusi. Oleme aastate jooksul teeninud t\u00f6\u00f6stuse klientide usalduse ja toetuse.<\/p>\n<p class=\"p1\">All our products are manufactured under strict quality control standards and have obtained international certifications such as ISO, DOT, SAE and ECE to ensure compatibility and durability in the global market. Whether you are an original equipment manufacturer (OEM), wholesaler or retailer, you can enjoy timely delivery and customized solutions.<\/p><\/div>\n             \n             \n            \n          <\/div>\n          <div class=\"company_intr_img wow fadeInUpA\" style=\"visibility: visible; animation-name: fadeInUpA;\">\n          <div class=\"company_intr_img_slide swiper-container-fade swiper-container-horizontal\">\n          <ul class=\"swiper-wrapper\" style=\"transition-duration: 0ms;\">\n\n            <li class=\"swiper-slide swiper-slide-prev swiper-slide-duplicate-next\" data-swiper-slide-index=\"0\" style=\"width: 540px; opacity: 1; transform: translate3d(-540px, 0px, 0px); transition-duration: 0ms;\"><a href=\"\"><img decoding=\"async\" src=\"\/wp-content\/themes\/WMJ\/template\/img\/bg.webp\" alt=\"veoauto varuosad\"><\/a><\/li>\n            <li class=\"swiper-slide swiper-slide-active\" data-swiper-slide-index=\"1\" style=\"width: 540px; opacity: 1; transform: translate3d(-1080px, 0px, 0px); transition-duration: 0ms;\"><a href=\"\"><img decoding=\"async\" src=\"\/wp-content\/themes\/WMJ\/template\/img\/bg2.webp\" alt=\"veoauto varuosad\"><\/a><\/li>\n            <li class=\"swiper-slide swiper-slide-duplicate swiper-slide-next swiper-slide-duplicate-prev\" data-swiper-slide-index=\"0\" style=\"width: 540px; opacity: 0; transform: translate3d(-1620px, 0px, 0px); transition-duration: 0ms;\"><a href=\"\"><img decoding=\"async\" src=\"\/wp-content\/themes\/WMJ\/template\/img\/bg.webp\" alt=\"veoauto varuosad\"><\/a><\/li>\n\n<\/ul>\n            <\/div>\n          <\/div>\n        <\/div>\n      <\/div>\n    <\/div>\n\n\n\n<div class=\"index_business ab-app\">\n      <div class=\"layout\">\n <div class=\"index_business_img wow fadeInUpA ab-left-img\" style=\"visibility: visible; animation-name: fadeInUpA;float:left!important\"><a hreqaf=\"\"><img decoding=\"async\" src=\"\/wp-content\/themes\/WMJ\/template\/img\/rr.webp\" alt=\"veoauto varuosad\"><\/a><\/div>\n        <div class=\"index_business_cont\">\n          <div class=\"sys_text_cell wow fadeInLeftA\" style=\"visibility: visible; animation-name: fadeInLeftA;\">\n            <p class=\"cell_desc text-p\"><p class=\"p1\"><strong>See more products:<\/strong><\/p>\n<p class=\"p1\"><span class=\"s1\"><a href=\"\/hino-category\/\">Hino truck parts catalog<\/a><\/span><\/p>\n<p class=\"p1\"><span class=\"s1\"><a href=\"\/volvo-category\/\">Volvo truck parts catalog<\/a><\/span><\/p>\n<p class=\"p1\"><span class=\"s1\"><a href=\"\/isuzu-category\/\">Isuzu truck parts catalog<\/a><\/span><\/p>\n<p class=\"p1\"><span class=\"s1\"><a href=\"\/nissan-category\/\">Nissan truck parts catalog<\/a><\/span><\/p>\n<p class=\"p1\"><span class=\"s1\"><a href=\"\/benz-category\/\">Mercedes benz truck parts catalog<\/a><\/span><\/p><\/p>\n          \n          <\/div>\n        <\/div>\n       \n      <\/div>\n    <\/div>\n\n\n\n<div class=\"company_subscribe wow fadeInUpA ab-com ab-w\" style=\"visibility: visible; animation-name: fadeInUpA;\">\n      <div class=\"layout\">\n          <div class=\"tt-ab\">\n            <h2 class=\"cell_title\" style=\"color:#fff\">Miks valida meid<\/h2>\n           <p class=\"p1\" style=\"color:#fff;margin-bottom:20px\">Trucks are versatile and are ideal for hauling cargo and people. To keep these vehicles functioning properly and for the purpose they were designed for, they need to be regularly maintained with high-quality truck parts to maximize their durability, and Xinyuhuang is ready to provide you with everything you need to build your truck.<\/p>\n          <\/div>  \n          \n      <ul class=\"promote_list advantageList\">\n          <li class=\"promote_item wow fadeInRightA\" style=\"visibility: visible; animation-name: fadeInRightA;\">\n            <div class=\"item_inner\">\n              <div class=\"item_img\"><img decoding=\"async\" width=\"200px\" src=\"https:\/\/www.xyhautoparts.com\/wp-content\/themes\/WMJ\/template\/img\/high-quality.png\" alt=\"\"><\/div>\n              \n              <p>Meil on range kvaliteedijuhtimiss\u00fcsteem, mis tagab, et iga toode vastab klientide n\u00f5uetele.<\/p>\n              \n            <\/div>\n          <\/li>\n          <li class=\"promote_item wow fadeInRightA\" style=\"visibility: visible; animation-name: fadeInRightA;\">\n            <div class=\"item_inner\">\n              <div class=\"item_img\"><img decoding=\"async\" src=\"https:\/\/www.xyhautoparts.com\/wp-content\/themes\/WMJ\/template\/img\/Equipment.png\" alt=\"\"><\/div>\n              <p>Meil on oma seadmed ja tugev tootmisv\u00f5imsus kvaliteetsed kanalid, k\u00f5ige soodsamad hinnad<\/p>\n            <\/div>\n          <\/li>\n        \n          <li class=\"promote_item wow fadeInUpA\" data-wow-delay=\".1s\" style=\"visibility: visible; animation-delay: 0.1s; animation-name: fadeInUpA;\">\n\n            <div class=\"item_inner\">\n                <div class=\"item_img\"><img decoding=\"async\" src=\"https:\/\/www.xyhautoparts.com\/wp-content\/themes\/WMJ\/template\/img\/time (3).png\" alt=\"\"><\/div>\n                 <p>Paindlik tootmise aeg aitab teie kiireloomuliste tellimuste puhul<\/p>\n            <\/div>\n          <\/li>\n          <li class=\"promote_item wow fadeInLeftA\" style=\"visibility: visible; animation-name: fadeInLeftA;\">\n            <div class=\"item_inner\">\n              <div class=\"item_img\"><img decoding=\"async\" src=\"https:\/\/www.xyhautoparts.com\/wp-content\/themes\/WMJ\/template\/img\/service_fill.png\" alt=\"\"><\/div>\n               <p>Professionaalne v\u00e4liskaubanduse teenindusmeeskond 24 tundi kliendi j\u00e4lgimiseks ja k\u00fcsimustele vastamiseks<\/p>\n            <\/div>            \n          <\/li>\n        <\/ul>\n      \n            <div class=\"cell_more\">\n              <a href=\"https:\/\/www.xyhautoparts.com\/contact-us\/\" class=\"button sys_btn\">K\u00dcSIGE PRAEGU<\/a>\n            <\/div>\n      <\/div>\n    <\/div>\n\n\n\n<div class=\"index_promote ab-com\">\n      <div class=\"layout\">\n<div class=\"tt-ab\">\n            <h2 class=\"cell_title\" style=\"color:#000; text-align:center\"> Veoautode osad Tooted <\/h2>\n           <p class=\"p1\">Pakume t\u00e4ielikku valikut <b>veoauto varuosad<\/b> ja <b>veoauto lisaseadmed<\/b> K\u00f5ikide kaubam\u00e4rkide puhul on iga osa valmistatud nii, et see vastaks originaalvarustuse standarditele v\u00f5i \u00fcletaks neid, et tagada t\u00e4iuslik sobivus ja pikaajaline kasutusiga.<\/p>\n<p class=\"p1\"><span class=\"s1\"><a href=\"\/contact-us\">V\u00f5tke meiega \u00fchendust<\/a><\/span> saada <b>chevy truck parts catalog.<\/b><b><\/b><\/p>\n          <\/div>  \n        <ul class=\"promote_list ab-prolist\" style=\"margin-bottom:20px\">\n          <li class=\"promote_item wow fadeInRightA\" style=\"visibility: visible; animation-name: fadeInRightA;\">\n            <div class=\"item_inner\">\n <a href=\"\/mercedes-benz-truck-engine-parts-oil-water-separation-system-oil-water-separator-assembly-oil-separator-product\/\">\n              <div class=\"item_img\">\n\n             <img decoding=\"async\" src=\"\/wp-content\/themes\/WMJ\/template\/img\/oil-separator.webp\" alt=\"Mercedes-Benz veoautode mootori osad \u00f5li-vee eralduss\u00fcsteem \u00f5li-vee eraldaja koost \u00d5li eraldaja\">\n              \n              <\/div>\n           <h3>Mercedes-Benz veoautode mootori osad \u00f5li-vee eralduss\u00fcsteem \u00f5li-vee eraldaja koost \u00d5li eraldaja<\/h3>\n<\/a>\n            <\/div>\n          <\/li>\n          <li class=\"promote_item wow fadeInRightA\" style=\"visibility: visible; animation-name: fadeInRightA;\">\n            <div class=\"item_inner\">\n <a href=\"\/hino-truck-parts-brake-system-brake-assembly-brake-wheel-cylinder-auxiliary-expander-product\/\">\n              <div class=\"item_img\">\n\n             <img decoding=\"async\" src=\"\/wp-content\/themes\/WMJ\/template\/img\/expander.webp\" alt=\"Hino Truck Parts Piduris\u00fcsteem Pidurikomplekt Piduri ratassilinder Auxiliary Expander\">\n              \n              <\/div>\n           <h3>Hino Truck Parts Piduris\u00fcsteem Pidurikomplekt Piduri ratassilinder Auxiliary Expander<\/h3>\n<\/a>\n            <\/div>\n          <\/li>\n<li class=\"promote_item wow fadeInRightA\" style=\"visibility: visible; animation-name: fadeInRightA;\">\n            <div class=\"item_inner\">\n <a href=\"\/isuzu-auto-parts-brake-system-brake-master-cylinder-product\/\">\n              <div class=\"item_img\">\n\n             <img decoding=\"async\" src=\"\/wp-content\/themes\/WMJ\/template\/img\/brake-master-cylinder.webp\" alt=\"Isuzu autoosad Piduris\u00fcsteem Piduri peasilinder\">\n              \n              <\/div>\n           <h3>Isuzu autoosad Piduris\u00fcsteem Piduri peasilinder<\/h3>\n<\/a>\n            <\/div>\n          <\/li>\n<li class=\"promote_item wow fadeInRightA\" style=\"visibility: visible; animation-name: fadeInRightA;\">\n            <div class=\"item_inner\">\n <a href=\"\/volvo-truck-engine-parts-oil-water-separation-system-oil-water-separator-assembly-oil-separator-product\/\">\n              <div class=\"item_img\">\n\n             <img decoding=\"async\" src=\"\/wp-content\/themes\/WMJ\/template\/img\/oil-separator-1.webp\" alt=\"Volvo veoauto mootori osad \u00f5li-vee eralduss\u00fcsteem \u00f5li-vee eraldaja koost \u00f5li eraldaja\">\n              \n              <\/div>\n           <h3>Volvo veoauto mootori osad \u00f5li-vee eralduss\u00fcsteem \u00f5li-vee eraldaja koost \u00f5li eraldaja<\/h3>\n<\/a>\n            <\/div>\n          <\/li>\n        <\/ul>\n      <div class=\"cell_more\" style=\"text-align:center\">\n              <a href=\"\/products\/\" class=\"sys_btn\">VAATA ROHKEM<\/a>\n            <\/div>\n     \n      <\/div>\n    <\/div>\n\n\n\n<div class=\"index_business bt-ab\">\n      <div class=\"layout\" style=\"background: #e4c2c21c;padding: 30px 25px;margin-top: 55px;\">\n<div class=\"tt-ab\">\n            <h2 class=\"cell_title\" style=\"color:#000; text-align:center\">Tootmisprotsess<\/h2>\n           \n          <\/div>  \n        <div class=\"index_business_cont\">\n          <div class=\"sys_text_cell wow fadeInLeftA\" style=\"visibility: visible; animation-name: fadeInLeftA;\">\n            <p class=\"cell_desc text-p\">K\u00f5ik tooted algavad peene disaini ja materjali valikuga. P\u00f5hiline toorik moodustatakse suure t\u00e4psusega masinl\u00f5ikamise, stantsimise ja sepistamise teel. Seej\u00e4rel viiakse l\u00e4bi kuumt\u00f6\u00f6tlus ja pinnat\u00f6\u00f6tlus, et suurendada j\u00f5udlust. Montaa\u017eiprotsess on range ja hoolikas, et tagada iga komponendi t\u00e4pne sobitamine. L\u00f5puks tagatakse range kvaliteedikontrolli abil, et osad on tugevad ja vastupidavad, vastavad k\u00f5rgetele standarditele ja pakuvad veoautodele kindlat tuge.<\/p>\n           \n          <\/div>\n        <\/div>\n        <div class=\"index_business_img wow fadeInUpA\" style=\"visibility: visible; animation-name: fadeInUpA;\"><a href=\"\"><img decoding=\"async\" src=\"\/wp-content\/themes\/WMJ\/template\/img\/vb.webp\" alt=\"\"><\/a><\/div>\n      <\/div>\n    <\/div>\n\n\n\n<style>\n\n.bt-ab{\nmargin-bottom:55px!important\n\n}\n.tt-ab h2{\nfont-size:26px;\n\n\n}\n@media screen and (min-width:981px){\n\n.tt-ab h2{\n\nmargin-bottom:45px\n\n}\n.ab-prolist li{\nwidth:25%!important}\n.ab-left-img{\npadding-right:20px\n}\n.text-p{\nline-height:1.8em\n}\n\n}\n@media screen and (max-width:981px){\n.ab-app{\nmargin-bottom:0px!important\n\n}\n.ab-com{\npadding-top:30px!important}\n\n.tt-ab h2{\nmargin-bottom:30px\n\n}\n.ab-w{\nmargin-bottom:0!important\n}\n\n}\n\n\n<\/style>","protected":false},"excerpt":{"rendered":"<p>Home About Us RELIABLE TRUCK PARTS DISTRIBUTORS FOR YOU Truck Accessories Exports Fujian Quanzhou Xinyuhuang Trading Co., Ltd. The Fujian Quanzhou Xinyuhuang Trading Co., Ltd. has been offering truck parts sales services to car owners both domestically and internationally since 2008. Through continuous learning and exploration, the founder led the sales and procurement team to [&hellip;]<\/p>","protected":false},"author":2,"featured_media":0,"parent":0,"menu_order":0,"comment_status":"closed","ping_status":"closed","template":"","meta":{"footnotes":""},"class_list":["post-243","page","type-page","status-publish","hentry"],"yoast_head":"<!-- This site is optimized with the Yoast SEO plugin v23.4 - https:\/\/yoast.com\/wordpress\/plugins\/seo\/ -->\n<title>China Auto parts supplier, truck parts supplier, one-stop auto parts shop<\/title>\n<meta name=\"description\" content=\"China Auto parts supplier, truck parts supplier, one-stop auto parts shop, providing high quality product with good price.\" \/>\n<meta name=\"robots\" content=\"index, follow, max-snippet:-1, max-image-preview:large, max-video-preview:-1\" \/>\n<link rel=\"canonical\" href=\"https:\/\/www.xyhautoparts.com\/et\/meist\/\" \/>\n<meta property=\"og:locale\" content=\"et_EE\" \/>\n<meta property=\"og:type\" content=\"article\" \/>\n<meta property=\"og:title\" content=\"China Auto parts supplier, truck parts supplier, one-stop auto parts shop\" \/>\n<meta property=\"og:description\" content=\"China Auto parts supplier, truck parts supplier, one-stop auto parts shop, providing high quality product with good price.\" \/>\n<meta property=\"og:url\" content=\"https:\/\/www.xyhautoparts.com\/et\/meist\/\" \/>\n<meta property=\"og:site_name\" content=\"Fujian Quanzhou Xinyuhuang trading Co., LTD\" \/>\n<meta property=\"article:publisher\" content=\"https:\/\/www.facebook.com\/XinyuhuangAutoParts\" \/>\n<meta property=\"article:modified_time\" content=\"2025-06-14T02:56:10+00:00\" \/>\n<meta property=\"og:image\" content=\"https:\/\/www.xyhautoparts.com\/wp-content\/themes\/WMJ\/template\/img\/high-quality.png\" \/>\n<meta name=\"twitter:card\" content=\"summary_large_image\" \/>\n<meta name=\"twitter:label1\" content=\"Est. reading time\" \/>\n\t<meta name=\"twitter:data1\" content=\"5 minutit\" \/>\n<script type=\"application\/ld+json\" class=\"yoast-schema-graph\">{\"@context\":\"https:\/\/schema.org\",\"@graph\":[{\"@type\":\"WebPage\",\"@id\":\"https:\/\/www.xyhautoparts.com\/about-us\/\",\"url\":\"https:\/\/www.xyhautoparts.com\/about-us\/\",\"name\":\"China Auto parts supplier, truck parts supplier, one-stop auto parts shop\",\"isPartOf\":{\"@id\":\"https:\/\/www.xyhautoparts.com\/#website\"},\"primaryImageOfPage\":{\"@id\":\"https:\/\/www.xyhautoparts.com\/about-us\/#primaryimage\"},\"image\":{\"@id\":\"https:\/\/www.xyhautoparts.com\/about-us\/#primaryimage\"},\"thumbnailUrl\":\"https:\/\/www.xyhautoparts.com\/wp-content\/themes\/WMJ\/template\/img\/high-quality.png\",\"datePublished\":\"2024-09-07T01:58:31+00:00\",\"dateModified\":\"2025-06-14T02:56:10+00:00\",\"description\":\"China Auto parts supplier, truck parts supplier, one-stop auto parts shop, providing high quality product with good price.\",\"inLanguage\":\"et\",\"potentialAction\":[{\"@type\":\"ReadAction\",\"target\":[\"https:\/\/www.xyhautoparts.com\/about-us\/\"]}]},{\"@type\":\"ImageObject\",\"inLanguage\":\"et\",\"@id\":\"https:\/\/www.xyhautoparts.com\/about-us\/#primaryimage\",\"url\":\"https:\/\/www.xyhautoparts.com\/wp-content\/themes\/WMJ\/template\/img\/high-quality.png\",\"contentUrl\":\"https:\/\/www.xyhautoparts.com\/wp-content\/themes\/WMJ\/template\/img\/high-quality.png\"},{\"@type\":\"WebSite\",\"@id\":\"https:\/\/www.xyhautoparts.com\/#website\",\"url\":\"https:\/\/www.xyhautoparts.com\/\",\"name\":\"Fujian Quanzhou Xinyuhuang trading Co., LTD\",\"description\":\"Fujian Quanzhou Xinyuhuang trading Co., LTD\",\"publisher\":{\"@id\":\"https:\/\/www.xyhautoparts.com\/#organization\"},\"potentialAction\":[{\"@type\":\"SearchAction\",\"target\":{\"@type\":\"EntryPoint\",\"urlTemplate\":\"https:\/\/www.xyhautoparts.com\/?s={search_term_string}\"},\"query-input\":{\"@type\":\"PropertyValueSpecification\",\"valueRequired\":true,\"valueName\":\"search_term_string\"}}],\"inLanguage\":\"et\"},{\"@type\":\"Organization\",\"@id\":\"https:\/\/www.xyhautoparts.com\/#organization\",\"name\":\"Fujian Quanzhou Xinyuhuang trading Co., LTD\",\"url\":\"https:\/\/www.xyhautoparts.com\/\",\"logo\":{\"@type\":\"ImageObject\",\"inLanguage\":\"et\",\"@id\":\"https:\/\/www.xyhautoparts.com\/#\/schema\/logo\/image\/\",\"url\":\"https:\/\/www.xyhautoparts.com\/wp-content\/uploads\/2024\/10\/cropped-cropped-cropped-logo-1.webp\",\"contentUrl\":\"https:\/\/www.xyhautoparts.com\/wp-content\/uploads\/2024\/10\/cropped-cropped-cropped-logo-1.webp\",\"width\":300,\"height\":300,\"caption\":\"Fujian Quanzhou Xinyuhuang trading Co., LTD\"},\"image\":{\"@id\":\"https:\/\/www.xyhautoparts.com\/#\/schema\/logo\/image\/\"},\"sameAs\":[\"https:\/\/www.facebook.com\/XinyuhuangAutoParts\",\"https:\/\/www.instagram.com\/xinyuhuangautoparts\/\",\"https:\/\/www.youtube.com\/@XinyuhuangAutoParts\"]}]}<\/script>\n<!-- \/ Yoast SEO plugin. -->","yoast_head_json":{"title":"China Auto parts supplier, truck parts supplier, one-stop auto parts shop","description":"China Auto parts supplier, truck parts supplier, one-stop auto parts shop, providing high quality product with good price.","robots":{"index":"index","follow":"follow","max-snippet":"max-snippet:-1","max-image-preview":"max-image-preview:large","max-video-preview":"max-video-preview:-1"},"canonical":"https:\/\/www.xyhautoparts.com\/et\/meist\/","og_locale":"et_EE","og_type":"article","og_title":"China Auto parts supplier, truck parts supplier, one-stop auto parts shop","og_description":"China Auto parts supplier, truck parts supplier, one-stop auto parts shop, providing high quality product with good price.","og_url":"https:\/\/www.xyhautoparts.com\/et\/meist\/","og_site_name":"Fujian Quanzhou Xinyuhuang trading Co., LTD","article_publisher":"https:\/\/www.facebook.com\/XinyuhuangAutoParts","article_modified_time":"2025-06-14T02:56:10+00:00","og_image":[{"url":"https:\/\/www.xyhautoparts.com\/wp-content\/themes\/WMJ\/template\/img\/high-quality.png"}],"twitter_card":"summary_large_image","twitter_misc":{"Est. reading time":"5 minutit"},"schema":{"@context":"https:\/\/schema.org","@graph":[{"@type":"WebPage","@id":"https:\/\/www.xyhautoparts.com\/about-us\/","url":"https:\/\/www.xyhautoparts.com\/about-us\/","name":"China Auto parts supplier, truck parts supplier, one-stop auto parts shop","isPartOf":{"@id":"https:\/\/www.xyhautoparts.com\/#website"},"primaryImageOfPage":{"@id":"https:\/\/www.xyhautoparts.com\/about-us\/#primaryimage"},"image":{"@id":"https:\/\/www.xyhautoparts.com\/about-us\/#primaryimage"},"thumbnailUrl":"https:\/\/www.xyhautoparts.com\/wp-content\/themes\/WMJ\/template\/img\/high-quality.png","datePublished":"2024-09-07T01:58:31+00:00","dateModified":"2025-06-14T02:56:10+00:00","description":"China Auto parts supplier, truck parts supplier, one-stop auto parts shop, providing high quality product with good price.","inLanguage":"et","potentialAction":[{"@type":"ReadAction","target":["https:\/\/www.xyhautoparts.com\/about-us\/"]}]},{"@type":"ImageObject","inLanguage":"et","@id":"https:\/\/www.xyhautoparts.com\/about-us\/#primaryimage","url":"https:\/\/www.xyhautoparts.com\/wp-content\/themes\/WMJ\/template\/img\/high-quality.png","contentUrl":"https:\/\/www.xyhautoparts.com\/wp-content\/themes\/WMJ\/template\/img\/high-quality.png"},{"@type":"WebSite","@id":"https:\/\/www.xyhautoparts.com\/#website","url":"https:\/\/www.xyhautoparts.com\/","name":"Fujian Quanzhou Xinyuhuang trading Co., LTD","description":"Fujian Quanzhou Xinyuhuang trading Co., LTD","publisher":{"@id":"https:\/\/www.xyhautoparts.com\/#organization"},"potentialAction":[{"@type":"SearchAction","target":{"@type":"EntryPoint","urlTemplate":"https:\/\/www.xyhautoparts.com\/?s={search_term_string}"},"query-input":{"@type":"PropertyValueSpecification","valueRequired":true,"valueName":"search_term_string"}}],"inLanguage":"et"},{"@type":"Organization","@id":"https:\/\/www.xyhautoparts.com\/#organization","name":"Fujian Quanzhou Xinyuhuang trading Co., LTD","url":"https:\/\/www.xyhautoparts.com\/","logo":{"@type":"ImageObject","inLanguage":"et","@id":"https:\/\/www.xyhautoparts.com\/#\/schema\/logo\/image\/","url":"https:\/\/www.xyhautoparts.com\/wp-content\/uploads\/2024\/10\/cropped-cropped-cropped-logo-1.webp","contentUrl":"https:\/\/www.xyhautoparts.com\/wp-content\/uploads\/2024\/10\/cropped-cropped-cropped-logo-1.webp","width":300,"height":300,"caption":"Fujian Quanzhou Xinyuhuang trading Co., LTD"},"image":{"@id":"https:\/\/www.xyhautoparts.com\/#\/schema\/logo\/image\/"},"sameAs":["https:\/\/www.facebook.com\/XinyuhuangAutoParts","https:\/\/www.instagram.com\/xinyuhuangautoparts\/","https:\/\/www.youtube.com\/@XinyuhuangAutoParts"]}]}},"_links":{"self":[{"href":"https:\/\/www.xyhautoparts.com\/et\/wp-json\/wp\/v2\/pages\/243"}],"collection":[{"href":"https:\/\/www.xyhautoparts.com\/et\/wp-json\/wp\/v2\/pages"}],"about":[{"href":"https:\/\/www.xyhautoparts.com\/et\/wp-json\/wp\/v2\/types\/page"}],"author":[{"embeddable":true,"href":"https:\/\/www.xyhautoparts.com\/et\/wp-json\/wp\/v2\/users\/2"}],"replies":[{"embeddable":true,"href":"https:\/\/www.xyhautoparts.com\/et\/wp-json\/wp\/v2\/comments?post=243"}],"version-history":[{"count":95,"href":"https:\/\/www.xyhautoparts.com\/et\/wp-json\/wp\/v2\/pages\/243\/revisions"}],"predecessor-version":[{"id":1526,"href":"https:\/\/www.xyhautoparts.com\/et\/wp-json\/wp\/v2\/pages\/243\/revisions\/1526"}],"wp:attachment":[{"href":"https:\/\/www.xyhautoparts.com\/et\/wp-json\/wp\/v2\/media?parent=243"}],"curies":[{"name":"wp","href":"https:\/\/api.w.org\/{rel}","templated":true}]}}