{"id":1083,"date":"2024-10-21T03:36:37","date_gmt":"2024-10-21T03:36:37","guid":{"rendered":"https:\/\/www.xyhautoparts.com\/?page_id=1083"},"modified":"2024-10-21T03:50:31","modified_gmt":"2024-10-21T03:50:31","slug":"privacy-policy","status":"publish","type":"page","link":"https:\/\/www.xyhautoparts.com\/et\/privaatsuspoliitika\/","title":{"rendered":""},"content":{"rendered":"<div class=\"path_bar\">\n        <div class=\"layout\" style=\"margin-bottom:30px\">\n            <ul>\n                <li><a href=\"https:\/\/www.xyhautoparts.com\/\">Kodu<\/a><\/li>\n                <li><a href=\"\">Privaatsuspoliitika<\/a><\/li>\n            <\/ul>\n        <\/div>\n    <\/div>\n\n\n\n<h1 class=\"wp-block-heading has-text-align-center\" style=\"font-size:28px\">Privaatsuspoliitika<\/h1>\n\n\n\n<div class=\"pra_bar\" style=\"margin-top:30px\">\n        <div class=\"layout\" style=\"margin-bottom:30px;line-height:1.8em\">\n           <p>K\u00e4esolev privaatsuspoliitika selgitab, kuidas \"meie\" kogume, kasutame, jagame ja t\u00f6\u00f6tleme teie andmeid ning millised on teie \u00f5igused ja valikud seoses nende andmetega. K\u00e4esolevat privaatsuspoliitikat kohaldatakse k\u00f5igi isikuandmete suhtes, mida kogutakse mis tahes kirjaliku, elektroonilise ja suulise suhtluse k\u00e4igus, v\u00f5i isikuandmete suhtes, mida kogutakse internetis v\u00f5i v\u00e4ljaspool internetti, sealhulgas: meie veebisait ja muud e-kirjad.<\/p>\n<p>Palun lugege meie kasutustingimusi ja k\u00e4esolevat poliitikat enne meie teenustele juurdep\u00e4\u00e4su v\u00f5i nende kasutamist. Kui te ei n\u00f5ustu k\u00e4esoleva poliitika v\u00f5i tingimustega, siis \u00e4rge p\u00e4\u00e4sege ega kasutage meie teenuseid. Kui asute v\u00e4ljaspool Euroopa Majanduspiirkonda, n\u00f5ustute meie toodete ostmisega v\u00f5i meie teenuste kasutamisega k\u00e4esolevas eeskirjas kirjeldatud tingimustega ja meie privaatsustavadega.<\/p>\n<p>Me v\u00f5ime seda poliitikat igal ajal ja ilma eelneva etteteatamiseta muuta ning muudatused v\u00f5ivad kehtida nii teie kohta juba olemasolevatele isikuandmetele kui ka mis tahes uutele isikuandmetele, mis on kogutud p\u00e4rast poliitika muutmist. Kui me teeme muudatusi, teavitame teid sellest, muutes k\u00e4esoleva poliitika \u00fclaosas olevat kuup\u00e4eva. Me teavitame teid ette, kui teeme olulisi muudatusi selles, kuidas me teie isikuandmeid kogume, kasutame v\u00f5i avalikustame, mis m\u00f5jutavad teie k\u00e4esolevast poliitikast tulenevaid \u00f5igusi. Kui te asute muus jurisdiktsioonis kui Euroopa Majanduspiirkond, \u00dchendkuningriik v\u00f5i \u0160veits (\u00fchiselt \"Euroopa riigid\"), t\u00e4hendab teie j\u00e4tkuv juurdep\u00e4\u00e4s meie teenustele v\u00f5i nende kasutamine p\u00e4rast muudatusteate saamist, et te n\u00f5ustute uuendatud poliitikaga.<\/p>\n<p>Lisaks v\u00f5ime teile reaalajas avalikustada v\u00f5i anda lisateavet meie teenuste konkreetsete osade isikuandmete t\u00f6\u00f6tlemise tavade kohta. Sellised teated v\u00f5ivad t\u00e4iendada k\u00e4esolevat poliitikat v\u00f5i anda teile t\u00e4iendavaid valikuid selle kohta, kuidas me teie isikuandmeid t\u00f6\u00f6tleme.<\/p>\n<p>Kogutud isikuandmed<\/p>\n<p>Me kogume isikuandmeid, kui kasutate meie teenuseid, esitate isikuandmeid, kui te seda saidil k\u00fcsite. Isikuandmed on \u00fcldiselt igasugune teave, mis on seotud teiega, mis tuvastab teid isiklikult v\u00f5i mida saab kasutada teie tuvastamiseks, n\u00e4iteks teie nimi, e-posti aadress, telefoninumber ja aadress. Isikuandmete m\u00e4\u00e4ratlus on jurisdiktsiooniti erinev. K\u00e4esoleva privaatsuspoliitikaga kohaldatakse teie suhtes ainult seda m\u00e4\u00e4ratlust, mis kehtib teie asukohast l\u00e4htuvalt. Isikuandmed ei h\u00f5lma andmeid, mis on p\u00f6\u00f6rdumatult anon\u00fc\u00fcmseks muudetud v\u00f5i koondatud, nii et need ei v\u00f5imalda meil teid enam tuvastada, kas koos muude andmetega v\u00f5i muul viisil.<\/p>\n<p>Isikuandmete liigid, mida me v\u00f5ime teie kohta koguda, on j\u00e4rgmised:<br>\nTeave, mille te meile otse ja vabatahtlikult annate, et t\u00e4ita ostu- v\u00f5i teenuslepingut. Me kogume teie isikuandmeid, mida annate meile, kui kasutate meie teenuseid. N\u00e4iteks kui k\u00fclastate meie Saiti ja esitate tellimuse, kogume teavet, mille annate meile tellimise k\u00e4igus. Need andmed h\u00f5lmavad teie perekonnanime, postiaadressi, e-posti aadressi, telefoninumbrit, huvitatud tooteid, Whatsapp , ettev\u00f5te, riik. Me v\u00f5ime koguda isikuandmeid ka siis, kui suhtlete m\u00f5ne meie osakonnaga, n\u00e4iteks klienditeenindusega, v\u00f5i kui t\u00e4idate Veebisaidil olevaid veebivormi v\u00f5i k\u00fcsitlusi. Samuti v\u00f5ite anda meile oma e-posti aadressi, kui soovite saada teavet meie pakutavate toodete ja teenuste kohta.<\/p>\n<p>Kuidas te saate minu n\u00f5usoleku?<br>\nKui annate meile oma isikuandmed tehingu l\u00f5puleviimiseks, krediitkaardi kinnitamiseks, tellimuse esitamiseks, tarne tellimiseks v\u00f5i ostu tagastamiseks, eeldame, et olete n\u00f5us, et me kogume teie andmeid ja kasutame neid ainult selleks otstarbeks.\n<\/p>\n<p>Kui me palume teil esitada meile oma isikuandmeid muul p\u00f5hjusel, n\u00e4iteks turunduslikel eesm\u00e4rkidel, k\u00fcsime teilt otse teie selges\u00f5nalist n\u00f5usolekut v\u00f5i anname teile v\u00f5imaluse keelduda.<\/p>\n<p>Kuidas ma saan oma n\u00f5usoleku tagasi v\u00f5tta?<br>\nKui p\u00e4rast n\u00f5usoleku andmist muudate oma meelt ja ei n\u00f5ustu enam sellega, et me teiega \u00fchendust v\u00f5tame, teie andmeid kogume v\u00f5i neid avaldame, v\u00f5ite meid sellest teavitada, v\u00f5ttes meiega \u00fchendust.<\/p>\n \n<p>Kolmandate isikute pakutavad teenused<br>\n\u00dcldiselt koguvad, kasutavad ja avaldavad meie poolt kasutatavad kolmandatest isikutest teenusepakkujad teie andmeid ainult ulatuses, mis on vajalik nende poolt meile pakutavate teenuste osutamiseks.<\/p>\n\n<p>Teatud kolmandatest isikutest teenusepakkujatel, n\u00e4iteks maksev\u00e4ravadel ja muudel maksetehingute t\u00f6\u00f6tlejatel, on siiski oma privaatsuspoliitikad seoses teabega, mida me peame neile teie ostutehingutega seoses edastama.<\/p>\n\n<p>Nende teenusepakkujate puhul soovitame teil hoolikalt lugeda nende privaatsuspoliitikat, et saaksite aru, kuidas nad teie isikuandmeid k\u00e4sitlevad.<\/p>\n<p>Tuleb meeles pidada, et m\u00f5ned teenuseosutajad v\u00f5ivad asuda v\u00f5i nende rajatised v\u00f5ivad asuda erinevas jurisdiktsioonis kui teie v\u00f5i meie. Kui te otsustate teha tehingu, mis n\u00f5uab kolmanda osapoole teenusepakkuja teenuseid, siis v\u00f5ivad teie andmeid reguleerida selle jurisdiktsiooni seadused, kus see teenusepakkuja asub, v\u00f5i selle jurisdiktsiooni seadused, kus tema rajatised asuvad.<\/p>\n<p>Turvalisus<br>\nTeie isikuandmete kaitsmiseks v\u00f5tame m\u00f5istlikke ettevaatusabin\u00f5usid ja j\u00e4rgime valdkonna parimaid tavasid, et tagada, et neid ei kaotataks, kuritarvitataks, neile ei p\u00e4\u00e4seks ligi, neid ei avalikustataks, ei muudetaks ega h\u00e4vitataks sobimatult.<\/p>\n<p>N\u00f5usoleku vanus<br>\nSeda veebilehte kasutades kinnitate, et olete v\u00e4hemalt t\u00e4isealine oma elukohariigi v\u00f5i -provintsi j\u00e4rgi ja et olete andnud meile n\u00f5usoleku, et teie eestkostetavad alaealised saaksid seda veebilehte kasutada.<\/p>\n<p>Muudatused k\u00e4esolevasse privaatsuspoliitikasse<br>\nMe j\u00e4tame endale \u00f5iguse muuta k\u00e4esolevat privaatsuspoliitikat igal ajal, seega palun vaadake seda sageli \u00fcle. Muudatused ja selgitused j\u00f5ustuvad kohe p\u00e4rast nende avaldamist veebilehel. Kui me teeme muudatusi k\u00e4esoleva poliitika sisus, teavitame teid siinkohal selle ajakohastamisest, et te oleksite teadlikud, milliseid andmeid me kogume, kuidas me neid kasutame ja millistel tingimustel me neid avalikustame. Me anname teile teada, et meil on selleks p\u00f5hjust.<p>\n<p>Kui meie pood omandatakse teise ettev\u00f5tte poolt v\u00f5i liidetakse teise ettev\u00f5ttega, v\u00f5idakse teie andmed edastada uutele omanikele, et me saaksime j\u00e4tkata toodete m\u00fc\u00fcmist teile.<\/p>\n<p>K\u00fcsimused ja kontaktandmed<br>\nKui soovite: p\u00e4\u00e4seda juurde, parandada, muuta v\u00f5i kustutada teie kohta k\u00e4ivaid isikuandmeid, esitada kaebuse v\u00f5i lihtsalt soovida lisateavet, v\u00f5tke meiega \u00fchendust lehe allosas oleva e-posti teel.<\/p>\n      <\/div>\n    <\/div>","protected":false},"excerpt":{"rendered":"<p>Home Privacy Policy Privacy Policy This Privacy Policy explains how &#8220;we&#8221; collect, use, share and process your information as well as the rights and choices you have associated with that information. This privacy policy applies to all personal information collected during any written, electronic and oral communication, or personal information collected online or offline, including: [&hellip;]<\/p>","protected":false},"author":1,"featured_media":0,"parent":0,"menu_order":0,"comment_status":"closed","ping_status":"closed","template":"","meta":{"footnotes":""},"class_list":["post-1083","page","type-page","status-publish","hentry"],"yoast_head":"<!-- This site is optimized with the Yoast SEO plugin v23.4 - https:\/\/yoast.com\/wordpress\/plugins\/seo\/ -->\n<title>China Auto parts supplier, truck parts supplier, one-stop auto parts shop<\/title>\n<meta name=\"description\" content=\"China Auto parts supplier, truck parts supplier, one-stop auto parts shop, providing high quality product with good price.\" \/>\n<meta name=\"robots\" content=\"index, follow, max-snippet:-1, max-image-preview:large, max-video-preview:-1\" \/>\n<link rel=\"canonical\" href=\"https:\/\/www.xyhautoparts.com\/et\/privaatsuspoliitika\/\" \/>\n<meta property=\"og:locale\" content=\"et_EE\" \/>\n<meta property=\"og:type\" content=\"article\" \/>\n<meta property=\"og:title\" content=\"China Auto parts supplier, truck parts supplier, one-stop auto parts shop\" \/>\n<meta property=\"og:description\" content=\"China Auto parts supplier, truck parts supplier, one-stop auto parts shop, providing high quality product with good price.\" \/>\n<meta property=\"og:url\" content=\"https:\/\/www.xyhautoparts.com\/et\/privaatsuspoliitika\/\" \/>\n<meta property=\"og:site_name\" content=\"Fujian Quanzhou Xinyuhuang trading Co., LTD\" \/>\n<meta property=\"article:publisher\" content=\"https:\/\/www.facebook.com\/XinyuhuangAutoParts\" \/>\n<meta property=\"article:modified_time\" content=\"2024-10-21T03:50:31+00:00\" \/>\n<meta name=\"twitter:card\" content=\"summary_large_image\" \/>\n<meta name=\"twitter:label1\" content=\"Est. reading time\" \/>\n\t<meta name=\"twitter:data1\" content=\"5 minutit\" \/>\n<script type=\"application\/ld+json\" class=\"yoast-schema-graph\">{\"@context\":\"https:\/\/schema.org\",\"@graph\":[{\"@type\":\"WebPage\",\"@id\":\"https:\/\/www.xyhautoparts.com\/privacy-policy\/\",\"url\":\"https:\/\/www.xyhautoparts.com\/privacy-policy\/\",\"name\":\"China Auto parts supplier, truck parts supplier, one-stop auto parts shop\",\"isPartOf\":{\"@id\":\"https:\/\/www.xyhautoparts.com\/#website\"},\"datePublished\":\"2024-10-21T03:36:37+00:00\",\"dateModified\":\"2024-10-21T03:50:31+00:00\",\"description\":\"China Auto parts supplier, truck parts supplier, one-stop auto parts shop, providing high quality product with good price.\",\"inLanguage\":\"et\",\"potentialAction\":[{\"@type\":\"ReadAction\",\"target\":[\"https:\/\/www.xyhautoparts.com\/privacy-policy\/\"]}]},{\"@type\":\"WebSite\",\"@id\":\"https:\/\/www.xyhautoparts.com\/#website\",\"url\":\"https:\/\/www.xyhautoparts.com\/\",\"name\":\"Fujian Quanzhou Xinyuhuang trading Co., LTD\",\"description\":\"Fujian Quanzhou Xinyuhuang trading Co., LTD\",\"publisher\":{\"@id\":\"https:\/\/www.xyhautoparts.com\/#organization\"},\"potentialAction\":[{\"@type\":\"SearchAction\",\"target\":{\"@type\":\"EntryPoint\",\"urlTemplate\":\"https:\/\/www.xyhautoparts.com\/?s={search_term_string}\"},\"query-input\":{\"@type\":\"PropertyValueSpecification\",\"valueRequired\":true,\"valueName\":\"search_term_string\"}}],\"inLanguage\":\"et\"},{\"@type\":\"Organization\",\"@id\":\"https:\/\/www.xyhautoparts.com\/#organization\",\"name\":\"Fujian Quanzhou Xinyuhuang trading Co., LTD\",\"url\":\"https:\/\/www.xyhautoparts.com\/\",\"logo\":{\"@type\":\"ImageObject\",\"inLanguage\":\"et\",\"@id\":\"https:\/\/www.xyhautoparts.com\/#\/schema\/logo\/image\/\",\"url\":\"https:\/\/www.xyhautoparts.com\/wp-content\/uploads\/2024\/10\/cropped-cropped-cropped-logo-1.webp\",\"contentUrl\":\"https:\/\/www.xyhautoparts.com\/wp-content\/uploads\/2024\/10\/cropped-cropped-cropped-logo-1.webp\",\"width\":300,\"height\":300,\"caption\":\"Fujian Quanzhou Xinyuhuang trading Co., LTD\"},\"image\":{\"@id\":\"https:\/\/www.xyhautoparts.com\/#\/schema\/logo\/image\/\"},\"sameAs\":[\"https:\/\/www.facebook.com\/XinyuhuangAutoParts\",\"https:\/\/www.instagram.com\/xinyuhuangautoparts\/\",\"https:\/\/www.youtube.com\/@XinyuhuangAutoParts\"]}]}<\/script>\n<!-- \/ Yoast SEO plugin. -->","yoast_head_json":{"title":"China Auto parts supplier, truck parts supplier, one-stop auto parts shop","description":"China Auto parts supplier, truck parts supplier, one-stop auto parts shop, providing high quality product with good price.","robots":{"index":"index","follow":"follow","max-snippet":"max-snippet:-1","max-image-preview":"max-image-preview:large","max-video-preview":"max-video-preview:-1"},"canonical":"https:\/\/www.xyhautoparts.com\/et\/privaatsuspoliitika\/","og_locale":"et_EE","og_type":"article","og_title":"China Auto parts supplier, truck parts supplier, one-stop auto parts shop","og_description":"China Auto parts supplier, truck parts supplier, one-stop auto parts shop, providing high quality product with good price.","og_url":"https:\/\/www.xyhautoparts.com\/et\/privaatsuspoliitika\/","og_site_name":"Fujian Quanzhou Xinyuhuang trading Co., LTD","article_publisher":"https:\/\/www.facebook.com\/XinyuhuangAutoParts","article_modified_time":"2024-10-21T03:50:31+00:00","twitter_card":"summary_large_image","twitter_misc":{"Est. reading time":"5 minutit"},"schema":{"@context":"https:\/\/schema.org","@graph":[{"@type":"WebPage","@id":"https:\/\/www.xyhautoparts.com\/privacy-policy\/","url":"https:\/\/www.xyhautoparts.com\/privacy-policy\/","name":"China Auto parts supplier, truck parts supplier, one-stop auto parts shop","isPartOf":{"@id":"https:\/\/www.xyhautoparts.com\/#website"},"datePublished":"2024-10-21T03:36:37+00:00","dateModified":"2024-10-21T03:50:31+00:00","description":"China Auto parts supplier, truck parts supplier, one-stop auto parts shop, providing high quality product with good price.","inLanguage":"et","potentialAction":[{"@type":"ReadAction","target":["https:\/\/www.xyhautoparts.com\/privacy-policy\/"]}]},{"@type":"WebSite","@id":"https:\/\/www.xyhautoparts.com\/#website","url":"https:\/\/www.xyhautoparts.com\/","name":"Fujian Quanzhou Xinyuhuang trading Co., LTD","description":"Fujian Quanzhou Xinyuhuang trading Co., LTD","publisher":{"@id":"https:\/\/www.xyhautoparts.com\/#organization"},"potentialAction":[{"@type":"SearchAction","target":{"@type":"EntryPoint","urlTemplate":"https:\/\/www.xyhautoparts.com\/?s={search_term_string}"},"query-input":{"@type":"PropertyValueSpecification","valueRequired":true,"valueName":"search_term_string"}}],"inLanguage":"et"},{"@type":"Organization","@id":"https:\/\/www.xyhautoparts.com\/#organization","name":"Fujian Quanzhou Xinyuhuang trading Co., LTD","url":"https:\/\/www.xyhautoparts.com\/","logo":{"@type":"ImageObject","inLanguage":"et","@id":"https:\/\/www.xyhautoparts.com\/#\/schema\/logo\/image\/","url":"https:\/\/www.xyhautoparts.com\/wp-content\/uploads\/2024\/10\/cropped-cropped-cropped-logo-1.webp","contentUrl":"https:\/\/www.xyhautoparts.com\/wp-content\/uploads\/2024\/10\/cropped-cropped-cropped-logo-1.webp","width":300,"height":300,"caption":"Fujian Quanzhou Xinyuhuang trading Co., LTD"},"image":{"@id":"https:\/\/www.xyhautoparts.com\/#\/schema\/logo\/image\/"},"sameAs":["https:\/\/www.facebook.com\/XinyuhuangAutoParts","https:\/\/www.instagram.com\/xinyuhuangautoparts\/","https:\/\/www.youtube.com\/@XinyuhuangAutoParts"]}]}},"_links":{"self":[{"href":"https:\/\/www.xyhautoparts.com\/et\/wp-json\/wp\/v2\/pages\/1083"}],"collection":[{"href":"https:\/\/www.xyhautoparts.com\/et\/wp-json\/wp\/v2\/pages"}],"about":[{"href":"https:\/\/www.xyhautoparts.com\/et\/wp-json\/wp\/v2\/types\/page"}],"author":[{"embeddable":true,"href":"https:\/\/www.xyhautoparts.com\/et\/wp-json\/wp\/v2\/users\/1"}],"replies":[{"embeddable":true,"href":"https:\/\/www.xyhautoparts.com\/et\/wp-json\/wp\/v2\/comments?post=1083"}],"version-history":[{"count":5,"href":"https:\/\/www.xyhautoparts.com\/et\/wp-json\/wp\/v2\/pages\/1083\/revisions"}],"predecessor-version":[{"id":1089,"href":"https:\/\/www.xyhautoparts.com\/et\/wp-json\/wp\/v2\/pages\/1083\/revisions\/1089"}],"wp:attachment":[{"href":"https:\/\/www.xyhautoparts.com\/et\/wp-json\/wp\/v2\/media?parent=1083"}],"curies":[{"name":"wp","href":"https:\/\/api.w.org\/{rel}","templated":true}]}}